{"id":7954,"date":"2024-10-05T18:37:39","date_gmt":"2024-10-05T18:37:39","guid":{"rendered":"https:\/\/inesjusticia.com\/?page_id=7954"},"modified":"2025-10-16T09:13:37","modified_gmt":"2025-10-16T09:13:37","slug":"voluntarios","status":"publish","type":"page","link":"https:\/\/inesjusticia.com\/index.php\/voluntarios\/","title":{"rendered":"Voluntarios"},"content":{"rendered":"\t\t<div data-elementor-type=\"wp-page\" data-elementor-id=\"7954\" class=\"elementor elementor-7954\">\n\t\t\t\t\t\t<section class=\"elementor-section elementor-top-section elementor-element elementor-element-62da45a elementor-section-boxed elementor-section-height-default elementor-section-height-default wpr-particle-no wpr-jarallax-no wpr-parallax-no wpr-sticky-section-no wpr-equal-height-no\" data-id=\"62da45a\" data-element_type=\"section\" data-e-type=\"section\">\n\t\t\t\t\t\t<div class=\"elementor-container elementor-column-gap-default\">\n\t\t\t\t\t<div class=\"elementor-column elementor-col-100 elementor-top-column elementor-element elementor-element-bf1e961\" data-id=\"bf1e961\" data-element_type=\"column\" data-e-type=\"column\">\n\t\t\t<div class=\"elementor-widget-wrap elementor-element-populated\">\n\t\t\t\t\t\t<div class=\"elementor-element elementor-element-c92dabe elementor-widget elementor-widget-spacer\" data-id=\"c92dabe\" data-element_type=\"widget\" data-e-type=\"widget\" data-widget_type=\"spacer.default\">\n\t\t\t\t<div class=\"elementor-widget-container\">\n\t\t\t\t\t\t\t<div class=\"elementor-spacer\">\n\t\t\t<div class=\"elementor-spacer-inner\"><\/div>\n\t\t<\/div>\n\t\t\t\t\t\t<\/div>\n\t\t\t\t<\/div>\n\t\t\t\t<div class=\"elementor-element elementor-element-e0e0ac9 elementor-widget elementor-widget-video\" data-id=\"e0e0ac9\" data-element_type=\"widget\" data-e-type=\"widget\" data-settings=\"{&quot;video_type&quot;:&quot;hosted&quot;,&quot;controls&quot;:&quot;yes&quot;}\" data-widget_type=\"video.default\">\n\t\t\t\t<div class=\"elementor-widget-container\">\n\t\t\t\t\t\t\t<div class=\"e-hosted-video elementor-wrapper elementor-open-inline\">\n\t\t\t\t\t<video class=\"elementor-video\" src=\"https:\/\/inesjusticia.com\/wp-content\/uploads\/2024\/10\/Video-Voluntarios.mp4\" controls=\"\" preload=\"metadata\" controlsList=\"nodownload\"><\/video>\n\t\t\t\t<\/div>\n\t\t\t\t\t\t<\/div>\n\t\t\t\t<\/div>\n\t\t\t\t<div class=\"elementor-element elementor-element-5709510 elementor-widget elementor-widget-spacer\" data-id=\"5709510\" data-element_type=\"widget\" data-e-type=\"widget\" data-widget_type=\"spacer.default\">\n\t\t\t\t<div class=\"elementor-widget-container\">\n\t\t\t\t\t\t\t<div class=\"elementor-spacer\">\n\t\t\t<div class=\"elementor-spacer-inner\"><\/div>\n\t\t<\/div>\n\t\t\t\t\t\t<\/div>\n\t\t\t\t<\/div>\n\t\t\t\t<div class=\"elementor-element elementor-element-4fcda45 elementor-widget elementor-widget-heading\" data-id=\"4fcda45\" data-element_type=\"widget\" data-e-type=\"widget\" data-widget_type=\"heading.default\">\n\t\t\t\t<div class=\"elementor-widget-container\">\n\t\t\t\t\t<h2 class=\"elementor-heading-title elementor-size-default\">Voluntarios para pr\u00e1cticas.<\/h2>\t\t\t\t<\/div>\n\t\t\t\t<\/div>\n\t\t\t\t<div class=\"elementor-element elementor-element-f0bf764 elementor-widget elementor-widget-text-editor\" data-id=\"f0bf764\" data-element_type=\"widget\" data-e-type=\"widget\" data-widget_type=\"text-editor.default\">\n\t\t\t\t<div class=\"elementor-widget-container\">\n\t\t\t\t\t\t\t\t\t<p>Todo el a\u00f1o estoy recibiendo voluntarios para que mis alumnos de las formaciones practiquen.<\/p><p>Estas pr\u00e1cticas ser\u00e1n de mis alumnos de alguna de las siguientes formaciones:<\/p><p><strong>&#8211; Habilidades ps\u00edquicas.<\/strong><\/p><p><strong>&#8211; Mediumnidad evidencial.<\/strong><\/p><p><strong>&#8211; Tarot Medi\u00famnico.<\/strong><\/p><p><strong>&#8211; Registros Ak\u00e1shicos.<\/strong><\/p><p><strong>&#8211; Cirug\u00eda astral.<\/strong><\/p><p><strong>&#8211; Entre otros.<\/strong><\/p>\t\t\t\t\t\t\t\t<\/div>\n\t\t\t\t<\/div>\n\t\t\t\t\t<\/div>\n\t\t<\/div>\n\t\t\t\t\t<\/div>\n\t\t<\/section>\n\t\t\t\t<section class=\"elementor-section elementor-top-section elementor-element elementor-element-5ad1d66 elementor-section-boxed elementor-section-height-default elementor-section-height-default wpr-particle-no wpr-jarallax-no wpr-parallax-no wpr-sticky-section-no wpr-equal-height-no\" data-id=\"5ad1d66\" data-element_type=\"section\" data-e-type=\"section\" data-settings=\"{&quot;background_background&quot;:&quot;classic&quot;}\">\n\t\t\t\t\t\t<div class=\"elementor-container elementor-column-gap-default\">\n\t\t\t\t\t<div class=\"elementor-column elementor-col-50 elementor-top-column elementor-element elementor-element-3a1538f\" data-id=\"3a1538f\" data-element_type=\"column\" data-e-type=\"column\">\n\t\t\t<div class=\"elementor-widget-wrap elementor-element-populated\">\n\t\t\t\t\t\t<div class=\"elementor-element elementor-element-5fcab63 elementor-widget elementor-widget-heading\" data-id=\"5fcab63\" data-element_type=\"widget\" data-e-type=\"widget\" data-widget_type=\"heading.default\">\n\t\t\t\t<div class=\"elementor-widget-container\">\n\t\t\t\t\t<h2 class=\"elementor-heading-title elementor-size-default\">Si aceptas adem\u00e1s de la pr\u00e1ctica te regalaremos un video muy especial.<\/h2>\t\t\t\t<\/div>\n\t\t\t\t<\/div>\n\t\t\t\t\t<\/div>\n\t\t<\/div>\n\t\t\t\t<div class=\"elementor-column elementor-col-50 elementor-top-column elementor-element elementor-element-240e3fb\" data-id=\"240e3fb\" data-element_type=\"column\" data-e-type=\"column\">\n\t\t\t<div class=\"elementor-widget-wrap elementor-element-populated\">\n\t\t\t\t\t\t<div class=\"elementor-element elementor-element-887b3a2 elementor-widget elementor-widget-image\" data-id=\"887b3a2\" data-element_type=\"widget\" data-e-type=\"widget\" data-widget_type=\"image.default\">\n\t\t\t\t<div class=\"elementor-widget-container\">\n\t\t\t\t\t\t\t\t\t\t\t\t\t\t\t<img fetchpriority=\"high\" decoding=\"async\" width=\"950\" height=\"950\" src=\"https:\/\/inesjusticia.com\/wp-content\/uploads\/2024\/10\/Medit_Conoce-Guias-Espirituales.png\" class=\"attachment-large size-large wp-image-8013\" alt=\"\" srcset=\"https:\/\/inesjusticia.com\/wp-content\/uploads\/2024\/10\/Medit_Conoce-Guias-Espirituales.png 1000w, https:\/\/inesjusticia.com\/wp-content\/uploads\/2024\/10\/Medit_Conoce-Guias-Espirituales-300x300.png 300w, https:\/\/inesjusticia.com\/wp-content\/uploads\/2024\/10\/Medit_Conoce-Guias-Espirituales-150x150.png 150w, https:\/\/inesjusticia.com\/wp-content\/uploads\/2024\/10\/Medit_Conoce-Guias-Espirituales-700x700.png 700w, https:\/\/inesjusticia.com\/wp-content\/uploads\/2024\/10\/Medit_Conoce-Guias-Espirituales-24x24.png 24w, https:\/\/inesjusticia.com\/wp-content\/uploads\/2024\/10\/Medit_Conoce-Guias-Espirituales-36x36.png 36w, https:\/\/inesjusticia.com\/wp-content\/uploads\/2024\/10\/Medit_Conoce-Guias-Espirituales-48x48.png 48w, https:\/\/inesjusticia.com\/wp-content\/uploads\/2024\/10\/Medit_Conoce-Guias-Espirituales-600x600.png 600w, https:\/\/inesjusticia.com\/wp-content\/uploads\/2024\/10\/Medit_Conoce-Guias-Espirituales-800x800.png 800w\" sizes=\"100vw\" \/>\t\t\t\t\t\t\t\t\t\t\t\t\t\t\t<\/div>\n\t\t\t\t<\/div>\n\t\t\t\t\t<\/div>\n\t\t<\/div>\n\t\t\t\t\t<\/div>\n\t\t<\/section>\n\t\t\t\t<section class=\"elementor-section elementor-top-section elementor-element elementor-element-10ae416 elementor-section-boxed elementor-section-height-default elementor-section-height-default wpr-particle-no wpr-jarallax-no wpr-parallax-no wpr-sticky-section-no wpr-equal-height-no\" data-id=\"10ae416\" data-element_type=\"section\" data-e-type=\"section\">\n\t\t\t\t\t\t<div class=\"elementor-container elementor-column-gap-default\">\n\t\t\t\t\t<div class=\"elementor-column elementor-col-100 elementor-top-column elementor-element elementor-element-adc8486\" data-id=\"adc8486\" data-element_type=\"column\" data-e-type=\"column\">\n\t\t\t<div class=\"elementor-widget-wrap elementor-element-populated\">\n\t\t\t\t\t\t<div class=\"elementor-element elementor-element-16c8355 elementor-widget elementor-widget-spacer\" data-id=\"16c8355\" data-element_type=\"widget\" data-e-type=\"widget\" data-widget_type=\"spacer.default\">\n\t\t\t\t<div class=\"elementor-widget-container\">\n\t\t\t\t\t\t\t<div class=\"elementor-spacer\">\n\t\t\t<div class=\"elementor-spacer-inner\"><\/div>\n\t\t<\/div>\n\t\t\t\t\t\t<\/div>\n\t\t\t\t<\/div>\n\t\t\t\t\t<\/div>\n\t\t<\/div>\n\t\t\t\t\t<\/div>\n\t\t<\/section>\n\t\t\t\t<section class=\"elementor-section elementor-top-section elementor-element elementor-element-74fcadd elementor-section-boxed elementor-section-height-default elementor-section-height-default wpr-particle-no wpr-jarallax-no wpr-parallax-no wpr-sticky-section-no wpr-equal-height-no\" data-id=\"74fcadd\" data-element_type=\"section\" data-e-type=\"section\">\n\t\t\t\t\t\t<div class=\"elementor-container elementor-column-gap-default\">\n\t\t\t\t\t<div class=\"elementor-column elementor-col-100 elementor-top-column elementor-element elementor-element-aa16261\" data-id=\"aa16261\" data-element_type=\"column\" data-e-type=\"column\">\n\t\t\t<div class=\"elementor-widget-wrap elementor-element-populated\">\n\t\t\t\t\t\t<div class=\"elementor-element elementor-element-a44abd8 eael-ninja-form-labels-yes eael-ninja-form-button-custom elementor-widget elementor-widget-eael-ninja\" data-id=\"a44abd8\" data-element_type=\"widget\" data-e-type=\"widget\" data-widget_type=\"eael-ninja.default\">\n\t\t\t\t<div class=\"elementor-widget-container\">\n\t\t\t\t\t            <div class=\"eael-contact-form eael-ninja-form title-description-hide eael-contact-form-align-default\" id=\"eael-ninja-form-7954\">\n                                    <div class=\"eael-ninja-form-heading\">\n                                                    <h3 class=\"eael-contact-form-title eael-ninja-form-title\">\n                                Registro Voluntarios                            <\/h3>\n                                                                    <\/div>\n                                <noscript class=\"ninja-forms-noscript-message\">\n\tAviso: Se requiere JavaScript para este contenido.<\/noscript>\n<div id=\"nf-form-8-cont\" class=\"nf-form-cont\" aria-live=\"polite\" aria-labelledby=\"nf-form-title-8\" aria-describedby=\"nf-form-errors-8\" role=\"form\">\n\n    <div class=\"nf-loading-spinner\"><\/div>\n\n<\/div>\n        <!-- That data is being printed as a workaround to page builders reordering the order of the scripts loaded-->\n        <script>var formDisplay=1;var nfForms=nfForms||[];var form=[];form.id='8';form.settings={\"objectType\":\"Form Setting\",\"editActive\":true,\"title\":\"Inscripci\\u00f3n a la Sesion con alumnos de Ines Justicia\",\"created_at\":\"2025-06-17 06:33:45\",\"default_label_pos\":\"above\",\"show_title\":\"0\",\"clear_complete\":\"1\",\"hide_complete\":\"1\",\"logged_in\":\"0\",\"wrapper_class\":\"\",\"element_class\":\"\",\"key\":\"\",\"add_submit\":\"1\",\"currency\":\"EUR\",\"unique_field_error\":\"A form with this value has already been submitted.\",\"not_logged_in_msg\":\"\",\"sub_limit_msg\":\"The form has reached its submission limit.\",\"calculations\":[],\"formContentData\":[\"nombre_1727576660899\",\"lastname_1727582085709\",\"correo_electronico_1727576672162\",\"phone_1727582113066\",\"he_leido_y_acepto_el_disclaimer_en_practicas_1750142204797\",\"disclaimer_1750143110951\",\"inscribirme_1727577856635\"],\"drawerDisabled\":false,\"form_title_heading_level\":\"3\",\"changeEmailErrorMsg\":\"Introduce una direcci\\u00f3n de correo electr\\u00f3nico v\\u00e1lida.\",\"changeDateErrorMsg\":\"Please enter a valid date!\",\"confirmFieldErrorMsg\":\"Estos campos deben coincidir.\",\"fieldNumberNumMinError\":\"Error de n\\u00famero m\\u00ednimo\",\"fieldNumberNumMaxError\":\"Error de n\\u00famero m\\u00e1ximo\",\"fieldNumberIncrementBy\":\"Increm\\u00e9ntalo por \",\"formErrorsCorrectErrors\":\"Corrige los errores antes de enviar este formulario.\",\"validateRequiredField\":\"Esto es un campo obligatorio.\",\"honeypotHoneypotError\":\"Error de Honeypot\",\"fieldsMarkedRequired\":\"Campos marcados con <span class=\\\"ninja-forms-req-symbol\\\">*<\\\/span> son requeridos\",\"objectDomain\":\"display\",\"allow_public_link\":0,\"public_link\":\"https:\\\/\\\/inesjusticia.com\\\/ninja-forms\\\/8gofb\",\"embed_form\":\"\",\"public_link_key\":\"8gofb\",\"ninjaForms\":\"Ninja Forms\",\"fieldTextareaRTEInsertLink\":\"Insertar enlace\",\"fieldTextareaRTEInsertMedia\":\"Insertar medios\",\"fieldTextareaRTESelectAFile\":\"Seleccione un archivo\",\"formHoneypot\":\"Si eres un ser humano y est\\u00e1s viendo este campo, por favor d\\u00e9jalo vac\\u00edo.\",\"fileUploadOldCodeFileUploadInProgress\":\"Carga de archivo en curso.\",\"fileUploadOldCodeFileUpload\":\"CARGA DE ARCHIVO\",\"currencySymbol\":\"&#36;\",\"thousands_sep\":\",\",\"decimal_point\":\".\",\"siteLocale\":\"es_MX\",\"dateFormat\":\"d\\\/m\\\/Y\",\"startOfWeek\":\"1\",\"of\":\"de\",\"previousMonth\":\"Previo Mes\",\"nextMonth\":\"Siguiente Mes\",\"months\":[\"Enero\",\"Febrero\",\"Marzo\",\"Abril\",\"Mayo\",\"Junio\",\"Julio\",\"Agosto\",\"Septiembre\",\"Octubre\",\"Noviembre\",\"Diciembre\"],\"monthsShort\":[\"Ene\",\"Feb\",\"Mar\",\"Abr\",\"Mayo\",\"Jun\",\"Jul\",\"Ago\",\"Sep\",\"Oct\",\"Nov\",\"Dic\"],\"weekdays\":[\"Domingo\",\"Lunes\",\"Martes\",\"Mi\\u00e9rcoles\",\"Jueves\",\"Viernes\",\"Sabado\"],\"weekdaysShort\":[\"Dom\",\"Lun\",\"Mar\",\"Mie\",\"Jue\",\"Vie\",\"Sab\"],\"weekdaysMin\":[\"Do\",\"Lu\",\"Ma\",\"Mi\",\"Ju\",\"Vi\",\"Sa\"],\"recaptchaConsentMissing\":\"reCaptcha validation couldn&#039;t load.\",\"recaptchaMissingCookie\":\"reCaptcha v3 validation couldn&#039;t load the cookie needed to submit the form.\",\"recaptchaConsentEvent\":\"Accept reCaptcha cookies before sending the form.\",\"currency_symbol\":\"&euro;\",\"beforeForm\":\"\",\"beforeFields\":\"\",\"afterFields\":\"\",\"afterForm\":\"\"};form.fields=[{\"objectType\":\"Field\",\"objectDomain\":\"fields\",\"editActive\":false,\"order\":1,\"idAttribute\":\"id\",\"label\":\"Nombre\",\"type\":\"firstname\",\"key\":\"nombre_1727576660899\",\"label_pos\":\"above\",\"required\":1,\"default\":\"\",\"placeholder\":\"\",\"container_class\":\"\",\"element_class\":\"\",\"admin_label\":\"\",\"help_text\":\"\",\"custom_name_attribute\":\"fname\",\"personally_identifiable\":1,\"value\":\"\",\"field_label\":\"Nombre\",\"field_key\":\"nombre_1727576660899\",\"id\":56,\"beforeField\":\"\",\"afterField\":\"\",\"parentType\":\"firstname\",\"element_templates\":[\"firstname\",\"input\"],\"old_classname\":\"\",\"wrap_template\":\"wrap\"},{\"objectType\":\"Field\",\"objectDomain\":\"fields\",\"editActive\":false,\"order\":2,\"idAttribute\":\"id\",\"label\":\"Apellido\",\"type\":\"lastname\",\"key\":\"lastname_1727582085709\",\"label_pos\":\"above\",\"required\":1,\"default\":\"\",\"placeholder\":\"\",\"container_class\":\"\",\"element_class\":\"\",\"admin_label\":\"\",\"help_text\":\"\",\"custom_name_attribute\":\"lname\",\"personally_identifiable\":1,\"value\":\"\",\"field_label\":\"Apellido\",\"field_key\":\"lastname_1727582085709\",\"id\":59,\"beforeField\":\"\",\"afterField\":\"\",\"parentType\":\"lastname\",\"element_templates\":[\"lastname\",\"input\"],\"old_classname\":\"\",\"wrap_template\":\"wrap\"},{\"objectType\":\"Field\",\"objectDomain\":\"fields\",\"editActive\":false,\"order\":3,\"idAttribute\":\"id\",\"label\":\"Correo electr\\u00f3nico\",\"type\":\"email\",\"key\":\"correo_electronico_1727576672162\",\"label_pos\":\"above\",\"required\":1,\"default\":\"\",\"placeholder\":\"\",\"container_class\":\"\",\"element_class\":\"\",\"admin_label\":\"\",\"help_text\":\"\",\"custom_name_attribute\":\"email\",\"personally_identifiable\":1,\"value\":\"\",\"field_label\":\"Correo electr\\u00f3nico\",\"field_key\":\"correo_electronico_1727576672162\",\"id\":57,\"beforeField\":\"\",\"afterField\":\"\",\"parentType\":\"email\",\"element_templates\":[\"email\",\"input\"],\"old_classname\":\"\",\"wrap_template\":\"wrap\"},{\"objectType\":\"Field\",\"objectDomain\":\"fields\",\"editActive\":false,\"order\":4,\"idAttribute\":\"id\",\"label\":\"Tel\\u00e9fono\",\"type\":\"phone\",\"key\":\"phone_1727582113066\",\"label_pos\":\"above\",\"required\":1,\"default\":\"\",\"placeholder\":\"\",\"container_class\":\"\",\"element_class\":\"\",\"input_limit\":\"\",\"input_limit_type\":\"characters\",\"input_limit_msg\":\"Caracteres restantes\",\"manual_key\":\"\",\"admin_label\":\"\",\"help_text\":\"\",\"mask\":\"\",\"custom_mask\":\"\",\"custom_name_attribute\":\"phone\",\"personally_identifiable\":1,\"value\":\"\",\"drawerDisabled\":\"\",\"field_label\":\"Tel\\u00e9fono\",\"field_key\":\"phone_1727582113066\",\"id\":60,\"beforeField\":\"\",\"afterField\":\"\",\"parentType\":\"textbox\",\"element_templates\":[\"tel\",\"textbox\",\"input\"],\"old_classname\":\"\",\"wrap_template\":\"wrap\"},{\"objectType\":\"Field\",\"objectDomain\":\"fields\",\"editActive\":false,\"order\":5,\"idAttribute\":\"id\",\"type\":\"checkbox\",\"label\":\"He le\\u00eddo y acepto el Disclaimer en Pr\\u00e1cticas\",\"key\":\"he_leido_y_acepto_el_disclaimer_en_practicas_1750142204797\",\"label_pos\":\"right\",\"required\":1,\"container_class\":\"\",\"element_class\":\"\",\"manual_key\":\"\",\"admin_label\":\"\",\"help_text\":\"\",\"default_value\":\"unchecked\",\"checked_value\":\"Checked\",\"unchecked_value\":\"Unchecked\",\"drawerDisabled\":false,\"field_label\":\"He le\\u00eddo y acepto las pol\\u00edticas\",\"field_key\":\"he_leido_y_acepto_las_politicas_1743794406216\",\"checked_calc_value\":\"\",\"unchecked_calc_value\":\"\",\"id\":54,\"beforeField\":\"\",\"afterField\":\"\",\"value\":\"\",\"parentType\":\"checkbox\",\"element_templates\":[\"checkbox\",\"input\"],\"old_classname\":\"\",\"wrap_template\":\"wrap\"},{\"objectType\":\"Field\",\"objectDomain\":\"fields\",\"editActive\":false,\"order\":6,\"idAttribute\":\"id\",\"label\":\"Disclaimer\",\"type\":\"html\",\"default\":\"<p><\\\/p><a href=\\\"https:\\\/\\\/inesjusticia.com\\\/index.php\\\/disclaimer-practicas\\\/\\\" target=\\\"_blank\\\" style=\\\"color: rgb(34, 113, 177);\\\"><i>Disclaimer<\\\/i><\\\/a><p>Al dar tus datos aceptas recibir mensaje del alumno de pr\\u00e1cticas que ser\\u00e1 seleccionado por In\\u00e9s Justicia, tambi\\u00e9n aceptas recibir informaci\\u00f3n de In\\u00e9s Justicia por medio de una newsletter al correo electr\\u00f3nico que estas proporcionando.<\\\/p><p>Tus datos siempre ser\\u00e1 privados y seguros conforme a la <a href=\\\"https:\\\/\\\/inesjusticia.com\\\/index.php\\\/politica-privacidad\\\/\\\" target=\\\"_blank\\\" style=\\\"color: rgb(34, 113, 177);\\\"><i>Pol\\u00edticas de privacidad<\\\/i><\\\/a>.<\\\/p>\",\"container_class\":\"\",\"element_class\":\"\",\"admin_label\":\"\",\"key\":\"disclaimer_1750143110951\",\"drawerDisabled\":false,\"field_label\":\"Pol\\u00edticas\",\"field_key\":\"politicas_1727576719195\",\"id\":58,\"beforeField\":\"\",\"afterField\":\"\",\"value\":\"<p><\\\/p><a href=\\\"https:\\\/\\\/inesjusticia.com\\\/index.php\\\/disclaimer-practicas\\\/\\\" target=\\\"_blank\\\" style=\\\"color: rgb(34, 113, 177);\\\"><i>Disclaimer<\\\/i><\\\/a><p>Al dar tus datos aceptas recibir mensaje del alumno de pr\\u00e1cticas que ser\\u00e1 seleccionado por In\\u00e9s Justicia, tambi\\u00e9n aceptas recibir informaci\\u00f3n de In\\u00e9s Justicia por medio de una newsletter al correo electr\\u00f3nico que estas proporcionando.<\\\/p><p>Tus datos siempre ser\\u00e1 privados y seguros conforme a la <a href=\\\"https:\\\/\\\/inesjusticia.com\\\/index.php\\\/politica-privacidad\\\/\\\" target=\\\"_blank\\\" style=\\\"color: rgb(34, 113, 177);\\\"><i>Pol\\u00edticas de privacidad<\\\/i><\\\/a>.<\\\/p>\",\"label_pos\":\"above\",\"parentType\":\"html\",\"element_templates\":[\"html\",\"input\"],\"old_classname\":\"\",\"wrap_template\":\"wrap\"},{\"objectType\":\"Field\",\"objectDomain\":\"fields\",\"editActive\":false,\"order\":8,\"idAttribute\":\"id\",\"type\":\"submit\",\"label\":\"Continuar\",\"processing_label\":\"Procesando...\",\"container_class\":\"\",\"element_class\":\"BotonVoluntario\",\"key\":\"inscribirme_1727577856635\",\"field_label\":\"Continuar\",\"field_key\":\"inscribirme_1727577856635\",\"admin_label\":\"\",\"drawerDisabled\":false,\"manual_key\":1,\"id\":55,\"beforeField\":\"\",\"afterField\":\"\",\"value\":\"\",\"label_pos\":\"above\",\"parentType\":\"textbox\",\"element_templates\":[\"submit\",\"button\",\"input\"],\"old_classname\":\"\",\"wrap_template\":\"wrap-no-label\"}];nfForms.push(form);<\/script>\n                    <\/div>\n            \t\t\t\t<\/div>\n\t\t\t\t<\/div>\n\t\t\t\t\t<\/div>\n\t\t<\/div>\n\t\t\t\t\t<\/div>\n\t\t<\/section>\n\t\t\t\t<\/div>\n\t\t","protected":false},"excerpt":{"rendered":"<p>https:\/\/inesjusticia.com\/wp-content\/uploads\/2024\/10\/Video-Voluntarios.mp4 Voluntarios para pr\u00e1cticas. Todo el a\u00f1o estoy recibiendo voluntarios para que mis alumnos de las formaciones practiquen. Estas pr\u00e1cticas ser\u00e1n de mis alumnos de alguna de las siguientes formaciones: &#8211; Habilidades ps\u00edquicas. &#8211; Mediumnidad evidencial. &#8211; Tarot Medi\u00famnico. &#8211; Registros Ak\u00e1shicos. &#8211; Cirug\u00eda astral. &#8211; Entre otros. Si aceptas adem\u00e1s de la pr\u00e1ctica te regalaremos un video muy especial. Registro Voluntarios Aviso: Se requiere JavaScript para este contenido.<\/p>\n","protected":false},"author":1,"featured_media":0,"parent":0,"menu_order":0,"comment_status":"closed","ping_status":"closed","template":"","meta":{"inspiro_hide_title":false,"footnotes":""},"class_list":["post-7954","page","type-page","status-publish","hentry"],"aioseo_notices":[],"featured_media_urls":[],"_links":{"self":[{"href":"https:\/\/inesjusticia.com\/index.php\/wp-json\/wp\/v2\/pages\/7954","targetHints":{"allow":["GET"]}}],"collection":[{"href":"https:\/\/inesjusticia.com\/index.php\/wp-json\/wp\/v2\/pages"}],"about":[{"href":"https:\/\/inesjusticia.com\/index.php\/wp-json\/wp\/v2\/types\/page"}],"author":[{"embeddable":true,"href":"https:\/\/inesjusticia.com\/index.php\/wp-json\/wp\/v2\/users\/1"}],"replies":[{"embeddable":true,"href":"https:\/\/inesjusticia.com\/index.php\/wp-json\/wp\/v2\/comments?post=7954"}],"version-history":[{"count":36,"href":"https:\/\/inesjusticia.com\/index.php\/wp-json\/wp\/v2\/pages\/7954\/revisions"}],"predecessor-version":[{"id":10034,"href":"https:\/\/inesjusticia.com\/index.php\/wp-json\/wp\/v2\/pages\/7954\/revisions\/10034"}],"wp:attachment":[{"href":"https:\/\/inesjusticia.com\/index.php\/wp-json\/wp\/v2\/media?parent=7954"}],"curies":[{"name":"wp","href":"https:\/\/api.w.org\/{rel}","templated":true}]}}