{"id":5592,"date":"2016-12-05T09:17:34","date_gmt":"2016-12-05T09:17:34","guid":{"rendered":"http:\/\/demo.wpzoom.com\/inspiro\/?page_id=5592"},"modified":"2025-07-06T21:57:25","modified_gmt":"2025-07-06T21:57:25","slug":"about","status":"publish","type":"page","link":"https:\/\/inesjusticia.com\/index.php\/about\/","title":{"rendered":"About"},"content":{"rendered":"\t\t<div data-elementor-type=\"wp-page\" data-elementor-id=\"5592\" class=\"elementor elementor-5592\">\n\t\t\t\t\t\t<section class=\"elementor-section elementor-top-section elementor-element elementor-element-a839228 elementor-section-full_width elementor-section-height-default elementor-section-height-default wpr-particle-no wpr-jarallax-no wpr-parallax-no wpr-sticky-section-no wpr-equal-height-no\" data-id=\"a839228\" data-element_type=\"section\" data-e-type=\"section\" data-settings=\"{&quot;background_background&quot;:&quot;classic&quot;}\">\n\t\t\t\t\t\t\t<div class=\"elementor-background-overlay\"><\/div>\n\t\t\t\t\t\t\t<div class=\"elementor-container elementor-column-gap-no\">\n\t\t\t\t\t<div class=\"elementor-column elementor-col-100 elementor-top-column elementor-element elementor-element-b06b7b9\" data-id=\"b06b7b9\" data-element_type=\"column\" data-e-type=\"column\">\n\t\t\t<div class=\"elementor-widget-wrap elementor-element-populated\">\n\t\t\t\t\t\t<div class=\"elementor-element elementor-element-32d99be elementor-widget elementor-widget-spacer\" data-id=\"32d99be\" data-element_type=\"widget\" data-e-type=\"widget\" data-widget_type=\"spacer.default\">\n\t\t\t\t<div class=\"elementor-widget-container\">\n\t\t\t\t\t\t\t<div class=\"elementor-spacer\">\n\t\t\t<div class=\"elementor-spacer-inner\"><\/div>\n\t\t<\/div>\n\t\t\t\t\t\t<\/div>\n\t\t\t\t<\/div>\n\t\t\t\t<div class=\"elementor-element elementor-element-404df1b elementor-widget elementor-widget-spacer\" data-id=\"404df1b\" data-element_type=\"widget\" data-e-type=\"widget\" data-widget_type=\"spacer.default\">\n\t\t\t\t<div class=\"elementor-widget-container\">\n\t\t\t\t\t\t\t<div class=\"elementor-spacer\">\n\t\t\t<div class=\"elementor-spacer-inner\"><\/div>\n\t\t<\/div>\n\t\t\t\t\t\t<\/div>\n\t\t\t\t<\/div>\n\t\t\t\t<div class=\"elementor-element elementor-element-8a50140 elementor-widget elementor-widget-spacer\" data-id=\"8a50140\" data-element_type=\"widget\" data-e-type=\"widget\" data-widget_type=\"spacer.default\">\n\t\t\t\t<div class=\"elementor-widget-container\">\n\t\t\t\t\t\t\t<div class=\"elementor-spacer\">\n\t\t\t<div class=\"elementor-spacer-inner\"><\/div>\n\t\t<\/div>\n\t\t\t\t\t\t<\/div>\n\t\t\t\t<\/div>\n\t\t\t\t<div class=\"elementor-element elementor-element-f589f56 elementor-widget elementor-widget-spacer\" data-id=\"f589f56\" data-element_type=\"widget\" data-e-type=\"widget\" data-widget_type=\"spacer.default\">\n\t\t\t\t<div class=\"elementor-widget-container\">\n\t\t\t\t\t\t\t<div class=\"elementor-spacer\">\n\t\t\t<div class=\"elementor-spacer-inner\"><\/div>\n\t\t<\/div>\n\t\t\t\t\t\t<\/div>\n\t\t\t\t<\/div>\n\t\t\t\t\t<\/div>\n\t\t<\/div>\n\t\t\t\t\t<\/div>\n\t\t<\/section>\n\t\t\t\t<section class=\"elementor-section elementor-top-section elementor-element elementor-element-eeb6cbb elementor-section-boxed elementor-section-height-default elementor-section-height-default wpr-particle-no wpr-jarallax-no wpr-parallax-no wpr-sticky-section-no wpr-equal-height-no\" data-id=\"eeb6cbb\" data-element_type=\"section\" data-e-type=\"section\">\n\t\t\t\t\t\t<div class=\"elementor-container elementor-column-gap-default\">\n\t\t\t\t\t<div class=\"elementor-column elementor-col-50 elementor-top-column elementor-element elementor-element-b173507\" data-id=\"b173507\" data-element_type=\"column\" data-e-type=\"column\">\n\t\t\t<div class=\"elementor-widget-wrap elementor-element-populated\">\n\t\t\t\t\t\t<div class=\"elementor-element elementor-element-356d80d elementor-widget elementor-widget-heading\" data-id=\"356d80d\" data-element_type=\"widget\" data-e-type=\"widget\" data-widget_type=\"heading.default\">\n\t\t\t\t<div class=\"elementor-widget-container\">\n\t\t\t\t\t<h2 class=\"elementor-heading-title elementor-size-default\">Todo comenz\u00f3...<\/h2>\t\t\t\t<\/div>\n\t\t\t\t<\/div>\n\t\t\t\t<div class=\"elementor-element elementor-element-3a6b437 elementor-widget elementor-widget-text-editor\" data-id=\"3a6b437\" data-element_type=\"widget\" data-e-type=\"widget\" data-widget_type=\"text-editor.default\">\n\t\t\t\t<div class=\"elementor-widget-container\">\n\t\t\t\t\t\t\t\t\t<p><strong>Mi historia comienza a mis 13 a\u00f1os con mi primera experiencia espiritual espont\u00e1nea. Con unos padres ateos intento buscar respuestas en todo lo que tengo a mi alcance y descubro desde bien peque\u00f1a que me apasiona la mente humana ,las emociones y la gente.<\/strong><\/p><p><strong>Comienzo mi carrera profesional como educadora social experta en salud mental pero eso no daba respuestas a todo lo &#8220;raro&#8221; que me pasa. Y es a mis 21 a\u00f1os cuando descubro el tarot, el Reiki&#8230;.y sobre todo LA MEDIUMNIDAD que me hace entender mi realidad.<\/strong><\/p><p><strong>Ahora 23 a\u00f1os despu\u00e9s sigo investigando, estudiando y trabajando en mis sue\u00f1os.<\/strong><br \/><strong>Porque si a\u00fan no te lo han dicho SER QUIEN QUIERAS ES POSIBLE.<\/strong><\/p>\t\t\t\t\t\t\t\t<\/div>\n\t\t\t\t<\/div>\n\t\t\t\t\t<\/div>\n\t\t<\/div>\n\t\t\t\t<div class=\"elementor-column elementor-col-50 elementor-top-column elementor-element elementor-element-2452005\" data-id=\"2452005\" data-element_type=\"column\" data-e-type=\"column\">\n\t\t\t<div class=\"elementor-widget-wrap elementor-element-populated\">\n\t\t\t\t\t\t<div class=\"elementor-element elementor-element-29fbd66 elementor-widget elementor-widget-image\" data-id=\"29fbd66\" data-element_type=\"widget\" data-e-type=\"widget\" data-widget_type=\"image.default\">\n\t\t\t\t<div class=\"elementor-widget-container\">\n\t\t\t\t\t\t\t\t\t\t\t\t\t\t\t<img decoding=\"async\" width=\"200\" height=\"200\" src=\"https:\/\/inesjusticia.com\/wp-content\/uploads\/2024\/02\/WhatsApp-Image-2024-02-09-at-12.38.01-PM.jpeg\" class=\"attachment-large size-large wp-image-1297\" alt=\"\" srcset=\"https:\/\/inesjusticia.com\/wp-content\/uploads\/2024\/02\/WhatsApp-Image-2024-02-09-at-12.38.01-PM.jpeg 200w, https:\/\/inesjusticia.com\/wp-content\/uploads\/2024\/02\/WhatsApp-Image-2024-02-09-at-12.38.01-PM-150x150.jpeg 150w, https:\/\/inesjusticia.com\/wp-content\/uploads\/2024\/02\/WhatsApp-Image-2024-02-09-at-12.38.01-PM-24x24.jpeg 24w, https:\/\/inesjusticia.com\/wp-content\/uploads\/2024\/02\/WhatsApp-Image-2024-02-09-at-12.38.01-PM-36x36.jpeg 36w, https:\/\/inesjusticia.com\/wp-content\/uploads\/2024\/02\/WhatsApp-Image-2024-02-09-at-12.38.01-PM-48x48.jpeg 48w\" sizes=\"100vw\" \/>\t\t\t\t\t\t\t\t\t\t\t\t\t\t\t<\/div>\n\t\t\t\t<\/div>\n\t\t\t\t\t<\/div>\n\t\t<\/div>\n\t\t\t\t\t<\/div>\n\t\t<\/section>\n\t\t\t\t<section class=\"elementor-section elementor-top-section elementor-element elementor-element-c2ce2e1 elementor-section-boxed elementor-section-height-default elementor-section-height-default wpr-particle-no wpr-jarallax-no wpr-parallax-no wpr-sticky-section-no wpr-equal-height-no\" data-id=\"c2ce2e1\" data-element_type=\"section\" data-e-type=\"section\">\n\t\t\t\t\t\t<div class=\"elementor-container elementor-column-gap-default\">\n\t\t\t\t\t<div class=\"elementor-column elementor-col-100 elementor-top-column elementor-element elementor-element-d81009d\" data-id=\"d81009d\" data-element_type=\"column\" data-e-type=\"column\">\n\t\t\t<div class=\"elementor-widget-wrap elementor-element-populated\">\n\t\t\t\t\t\t<div class=\"elementor-element elementor-element-24f5f70 elementor-widget elementor-widget-spacer\" data-id=\"24f5f70\" data-element_type=\"widget\" data-e-type=\"widget\" data-widget_type=\"spacer.default\">\n\t\t\t\t<div class=\"elementor-widget-container\">\n\t\t\t\t\t\t\t<div class=\"elementor-spacer\">\n\t\t\t<div class=\"elementor-spacer-inner\"><\/div>\n\t\t<\/div>\n\t\t\t\t\t\t<\/div>\n\t\t\t\t<\/div>\n\t\t\t\t\t<\/div>\n\t\t<\/div>\n\t\t\t\t\t<\/div>\n\t\t<\/section>\n\t\t\t\t<section class=\"elementor-section elementor-top-section elementor-element elementor-element-3cab67f elementor-section-boxed elementor-section-height-default elementor-section-height-default wpr-particle-no wpr-jarallax-no wpr-parallax-no wpr-sticky-section-no wpr-equal-height-no\" data-id=\"3cab67f\" data-element_type=\"section\" data-e-type=\"section\">\n\t\t\t\t\t\t<div class=\"elementor-container elementor-column-gap-default\">\n\t\t\t\t\t<div class=\"elementor-column elementor-col-50 elementor-top-column elementor-element elementor-element-64c240e\" data-id=\"64c240e\" data-element_type=\"column\" data-e-type=\"column\">\n\t\t\t<div class=\"elementor-widget-wrap elementor-element-populated\">\n\t\t\t\t\t\t<div class=\"elementor-element elementor-element-b3063dd elementor-widget elementor-widget-heading\" data-id=\"b3063dd\" data-element_type=\"widget\" data-e-type=\"widget\" data-widget_type=\"heading.default\">\n\t\t\t\t<div class=\"elementor-widget-container\">\n\t\t\t\t\t<h2 class=\"elementor-heading-title elementor-size-default\">Actualmente...<\/h2>\t\t\t\t<\/div>\n\t\t\t\t<\/div>\n\t\t\t\t<div class=\"elementor-element elementor-element-cb37f5c elementor-widget elementor-widget-image\" data-id=\"cb37f5c\" data-element_type=\"widget\" data-e-type=\"widget\" data-widget_type=\"image.default\">\n\t\t\t\t<div class=\"elementor-widget-container\">\n\t\t\t\t\t\t\t\t\t\t\t\t\t\t\t<img fetchpriority=\"high\" decoding=\"async\" width=\"300\" height=\"300\" src=\"https:\/\/inesjusticia.com\/wp-content\/uploads\/2024\/02\/WhatsApp-Image-2024-02-08-at-3.02.27-AM-300x300.jpeg\" class=\"attachment-medium size-medium wp-image-6966\" alt=\"\" srcset=\"https:\/\/inesjusticia.com\/wp-content\/uploads\/2024\/02\/WhatsApp-Image-2024-02-08-at-3.02.27-AM-300x300.jpeg 300w, https:\/\/inesjusticia.com\/wp-content\/uploads\/2024\/02\/WhatsApp-Image-2024-02-08-at-3.02.27-AM-150x150.jpeg 150w, https:\/\/inesjusticia.com\/wp-content\/uploads\/2024\/02\/WhatsApp-Image-2024-02-08-at-3.02.27-AM-700x700.jpeg 700w, https:\/\/inesjusticia.com\/wp-content\/uploads\/2024\/02\/WhatsApp-Image-2024-02-08-at-3.02.27-AM-24x24.jpeg 24w, https:\/\/inesjusticia.com\/wp-content\/uploads\/2024\/02\/WhatsApp-Image-2024-02-08-at-3.02.27-AM-36x36.jpeg 36w, https:\/\/inesjusticia.com\/wp-content\/uploads\/2024\/02\/WhatsApp-Image-2024-02-08-at-3.02.27-AM-48x48.jpeg 48w, https:\/\/inesjusticia.com\/wp-content\/uploads\/2024\/02\/WhatsApp-Image-2024-02-08-at-3.02.27-AM-600x602.jpeg 600w, https:\/\/inesjusticia.com\/wp-content\/uploads\/2024\/02\/WhatsApp-Image-2024-02-08-at-3.02.27-AM.jpeg 720w\" sizes=\"100vw\" \/>\t\t\t\t\t\t\t\t\t\t\t\t\t\t\t<\/div>\n\t\t\t\t<\/div>\n\t\t\t\t\t<\/div>\n\t\t<\/div>\n\t\t\t\t<div class=\"elementor-column elementor-col-50 elementor-top-column elementor-element elementor-element-1b03b4e\" data-id=\"1b03b4e\" data-element_type=\"column\" data-e-type=\"column\">\n\t\t\t<div class=\"elementor-widget-wrap elementor-element-populated\">\n\t\t\t\t\t\t<div class=\"elementor-element elementor-element-5af23ef elementor-widget elementor-widget-heading\" data-id=\"5af23ef\" data-element_type=\"widget\" data-e-type=\"widget\" data-widget_type=\"heading.default\">\n\t\t\t\t<div class=\"elementor-widget-container\">\n\t\t\t\t\t<h5 class=\"elementor-heading-title elementor-size-default\">Mis conocimientos y formaciones:<\/h5>\t\t\t\t<\/div>\n\t\t\t\t<\/div>\n\t\t\t\t<div class=\"elementor-element elementor-element-49b9a01 elementor-widget elementor-widget-text-editor\" data-id=\"49b9a01\" data-element_type=\"widget\" data-e-type=\"widget\" data-widget_type=\"text-editor.default\">\n\t\t\t\t<div class=\"elementor-widget-container\">\n\t\t\t\t\t\t\t\t\t<p><strong>-Mediumnidad.<\/strong><br \/><strong>-Coach en Programaci\u00f3n Neuroling\u00fc\u00edstica (Certificado por el Gobierno de M\u00e9xico).<\/strong><br \/><strong>-Hipnosis Ericksoniana.<\/strong><br \/><strong>-Educaci\u00f3n Social especializaci\u00f3n en Salud Mental.<\/strong><br \/><strong>-Tarot Predictivo.<\/strong><br \/><strong>-Maestria de Reiki.<\/strong><br \/><strong>-Maestr\u00eda en Registros Ak\u00e1shicos con miembros de la Federaci\u00f3n de Reiki.<\/strong><br \/><strong>-Primer grado de Thetahealing.<\/strong><br \/><strong>-Sanadora por Arquetipos.<\/strong><br \/><strong>-Estudios de Chakras con una maestra de la Federaci\u00f3n de Reiki.<\/strong><br \/><strong>-Terapia Regresiva.<\/strong><br \/><strong>-Experta en Manifestaci\u00f3n.<\/strong><\/p>\t\t\t\t\t\t\t\t<\/div>\n\t\t\t\t<\/div>\n\t\t\t\t\t<\/div>\n\t\t<\/div>\n\t\t\t\t\t<\/div>\n\t\t<\/section>\n\t\t\t\t<section class=\"elementor-section elementor-top-section elementor-element elementor-element-00d4877 elementor-section-boxed elementor-section-height-default elementor-section-height-default wpr-particle-no wpr-jarallax-no wpr-parallax-no wpr-sticky-section-no wpr-equal-height-no\" data-id=\"00d4877\" data-element_type=\"section\" data-e-type=\"section\">\n\t\t\t\t\t\t<div class=\"elementor-container elementor-column-gap-default\">\n\t\t\t\t\t<div class=\"elementor-column elementor-col-100 elementor-top-column elementor-element elementor-element-3c85793\" data-id=\"3c85793\" data-element_type=\"column\" data-e-type=\"column\">\n\t\t\t<div class=\"elementor-widget-wrap elementor-element-populated\">\n\t\t\t\t\t\t<div class=\"elementor-element elementor-element-69f4b5a8 elementor-align-center elementor-widget elementor-widget-button\" data-id=\"69f4b5a8\" data-element_type=\"widget\" data-e-type=\"widget\" data-widget_type=\"button.default\">\n\t\t\t\t<div class=\"elementor-widget-container\">\n\t\t\t\t\t\t\t\t\t<div class=\"elementor-button-wrapper\">\n\t\t\t\t\t<a class=\"elementor-button elementor-button-link elementor-size-md\" href=\"https:\/\/wa.link\/k4t4ig\" target=\"_blank\">\n\t\t\t\t\t\t<span class=\"elementor-button-content-wrapper\">\n\t\t\t\t\t\t\t\t\t<span class=\"elementor-button-text\">Charlemos por whatsapp<\/span>\n\t\t\t\t\t<\/span>\n\t\t\t\t\t<\/a>\n\t\t\t\t<\/div>\n\t\t\t\t\t\t\t\t<\/div>\n\t\t\t\t<\/div>\n\t\t\t\t\t<\/div>\n\t\t<\/div>\n\t\t\t\t\t<\/div>\n\t\t<\/section>\n\t\t\t\t<section class=\"elementor-section elementor-top-section elementor-element elementor-element-afbf2f0 elementor-section-full_width elementor-section-stretched elementor-hidden-mobile elementor-section-height-default elementor-section-height-default wpr-particle-no wpr-jarallax-no wpr-parallax-no wpr-sticky-section-no wpr-equal-height-no\" data-id=\"afbf2f0\" data-element_type=\"section\" data-e-type=\"section\" data-settings=\"{&quot;stretch_section&quot;:&quot;section-stretched&quot;}\">\n\t\t\t\t\t\t<div class=\"elementor-container elementor-column-gap-default\">\n\t\t\t\t\t<div class=\"elementor-column elementor-col-100 elementor-top-column elementor-element elementor-element-0399223\" data-id=\"0399223\" data-element_type=\"column\" data-e-type=\"column\">\n\t\t\t<div class=\"elementor-widget-wrap elementor-element-populated\">\n\t\t\t\t\t\t<div class=\"elementor-element elementor-element-dac562e elementor-widget elementor-widget-spacer\" data-id=\"dac562e\" data-element_type=\"widget\" data-e-type=\"widget\" data-widget_type=\"spacer.default\">\n\t\t\t\t<div class=\"elementor-widget-container\">\n\t\t\t\t\t\t\t<div class=\"elementor-spacer\">\n\t\t\t<div class=\"elementor-spacer-inner\"><\/div>\n\t\t<\/div>\n\t\t\t\t\t\t<\/div>\n\t\t\t\t<\/div>\n\t\t\t\t<div class=\"elementor-element elementor-element-7922812 elementor-widget__width-inherit elementor-widget elementor-widget-image\" data-id=\"7922812\" data-element_type=\"widget\" data-e-type=\"widget\" data-widget_type=\"image.default\">\n\t\t\t\t<div class=\"elementor-widget-container\">\n\t\t\t\t\t\t\t\t\t\t\t\t\t\t\t\t<a href=\"https:\/\/inesjusticia.com\/index.php\/terapias\/\">\n\t\t\t\t\t\t\t<img decoding=\"async\" width=\"1476\" height=\"689\" src=\"https:\/\/inesjusticia.com\/wp-content\/uploads\/2024\/02\/conoce-mis-sesiones-web-wide.jpg\" class=\"elementor-animation-pulse attachment-full size-full wp-image-7367\" alt=\"\" srcset=\"https:\/\/inesjusticia.com\/wp-content\/uploads\/2024\/02\/conoce-mis-sesiones-web-wide.jpg 1476w, https:\/\/inesjusticia.com\/wp-content\/uploads\/2024\/02\/conoce-mis-sesiones-web-wide-300x140.jpg 300w, https:\/\/inesjusticia.com\/wp-content\/uploads\/2024\/02\/conoce-mis-sesiones-web-wide-1024x478.jpg 1024w, https:\/\/inesjusticia.com\/wp-content\/uploads\/2024\/02\/conoce-mis-sesiones-web-wide-24x11.jpg 24w, https:\/\/inesjusticia.com\/wp-content\/uploads\/2024\/02\/conoce-mis-sesiones-web-wide-36x17.jpg 36w, https:\/\/inesjusticia.com\/wp-content\/uploads\/2024\/02\/conoce-mis-sesiones-web-wide-48x22.jpg 48w, https:\/\/inesjusticia.com\/wp-content\/uploads\/2024\/02\/conoce-mis-sesiones-web-wide-600x280.jpg 600w, https:\/\/inesjusticia.com\/wp-content\/uploads\/2024\/02\/conoce-mis-sesiones-web-wide-1200x560.jpg 1200w, https:\/\/inesjusticia.com\/wp-content\/uploads\/2024\/02\/conoce-mis-sesiones-web-wide-1320x616.jpg 1320w\" sizes=\"100vw\" \/>\t\t\t\t\t\t\t\t<\/a>\n\t\t\t\t\t\t\t\t\t\t\t\t\t\t\t<\/div>\n\t\t\t\t<\/div>\n\t\t\t\t\t<\/div>\n\t\t<\/div>\n\t\t\t\t\t<\/div>\n\t\t<\/section>\n\t\t\t\t<section class=\"elementor-section elementor-top-section elementor-element elementor-element-ae1185e elementor-hidden-desktop elementor-hidden-tablet elementor-section-boxed elementor-section-height-default elementor-section-height-default wpr-particle-no wpr-jarallax-no wpr-parallax-no wpr-sticky-section-no wpr-equal-height-no\" data-id=\"ae1185e\" data-element_type=\"section\" data-e-type=\"section\">\n\t\t\t\t\t\t<div class=\"elementor-container elementor-column-gap-default\">\n\t\t\t\t\t<div class=\"elementor-column elementor-col-100 elementor-top-column elementor-element elementor-element-68e25b7\" data-id=\"68e25b7\" data-element_type=\"column\" data-e-type=\"column\">\n\t\t\t<div class=\"elementor-widget-wrap elementor-element-populated\">\n\t\t\t\t\t\t<div class=\"elementor-element elementor-element-8063ee8 elementor-widget elementor-widget-spacer\" data-id=\"8063ee8\" data-element_type=\"widget\" data-e-type=\"widget\" data-widget_type=\"spacer.default\">\n\t\t\t\t<div class=\"elementor-widget-container\">\n\t\t\t\t\t\t\t<div class=\"elementor-spacer\">\n\t\t\t<div class=\"elementor-spacer-inner\"><\/div>\n\t\t<\/div>\n\t\t\t\t\t\t<\/div>\n\t\t\t\t<\/div>\n\t\t\t\t<div class=\"elementor-element elementor-element-c5ed585 elementor-widget elementor-widget-image\" data-id=\"c5ed585\" data-element_type=\"widget\" data-e-type=\"widget\" data-widget_type=\"image.default\">\n\t\t\t\t<div class=\"elementor-widget-container\">\n\t\t\t\t\t\t\t\t\t\t\t\t\t\t\t\t<a href=\"https:\/\/inesjusticia.com\/index.php\/terapias\/\">\n\t\t\t\t\t\t\t<img loading=\"lazy\" decoding=\"async\" width=\"551\" height=\"1024\" src=\"https:\/\/inesjusticia.com\/wp-content\/uploads\/2024\/02\/conoce-mis-sesiones-movil-551x1024.jpg\" class=\"attachment-large size-large wp-image-7325\" alt=\"\" srcset=\"https:\/\/inesjusticia.com\/wp-content\/uploads\/2024\/02\/conoce-mis-sesiones-movil-551x1024.jpg 551w, https:\/\/inesjusticia.com\/wp-content\/uploads\/2024\/02\/conoce-mis-sesiones-movil-161x300.jpg 161w, https:\/\/inesjusticia.com\/wp-content\/uploads\/2024\/02\/conoce-mis-sesiones-movil-13x24.jpg 13w, https:\/\/inesjusticia.com\/wp-content\/uploads\/2024\/02\/conoce-mis-sesiones-movil-19x36.jpg 19w, https:\/\/inesjusticia.com\/wp-content\/uploads\/2024\/02\/conoce-mis-sesiones-movil-26x48.jpg 26w, https:\/\/inesjusticia.com\/wp-content\/uploads\/2024\/02\/conoce-mis-sesiones-movil-600x1115.jpg 600w, https:\/\/inesjusticia.com\/wp-content\/uploads\/2024\/02\/conoce-mis-sesiones-movil.jpg 732w\" sizes=\"100vw\" \/>\t\t\t\t\t\t\t\t<\/a>\n\t\t\t\t\t\t\t\t\t\t\t\t\t\t\t<\/div>\n\t\t\t\t<\/div>\n\t\t\t\t\t<\/div>\n\t\t<\/div>\n\t\t\t\t\t<\/div>\n\t\t<\/section>\n\t\t\t\t<\/div>\n\t\t","protected":false},"excerpt":{"rendered":"<p>Todo comenz\u00f3&#8230; Mi historia comienza a mis 13 a\u00f1os con mi primera experiencia espiritual espont\u00e1nea. Con unos padres ateos intento buscar respuestas en todo lo que tengo a mi alcance y descubro desde bien peque\u00f1a que me apasiona la mente humana ,las emociones y la gente. Comienzo mi carrera profesional como educadora social experta en salud mental pero eso no daba respuestas a todo lo &#8220;raro&#8221; que me pasa. Y es a mis 21 a\u00f1os cuando descubro el tarot, el Reiki&#8230;.y sobre todo LA MEDIUMNIDAD que me hace entender mi realidad. Ahora 23 a\u00f1os despu\u00e9s sigo investigando, estudiando y trabajando en mis sue\u00f1os.Porque si a\u00fan no te lo han dicho SER QUIEN QUIERAS ES POSIBLE. Actualmente&#8230; Mis conocimientos y formaciones: -Mediumnidad.-Coach en Programaci\u00f3n Neuroling\u00fc\u00edstica (Certificado por el Gobierno de M\u00e9xico).-Hipnosis Ericksoniana.-Educaci\u00f3n Social especializaci\u00f3n en Salud Mental.-Tarot Predictivo.-Maestria de Reiki.-Maestr\u00eda en Registros Ak\u00e1shicos con miembros de la Federaci\u00f3n de Reiki.-Primer grado de Thetahealing.-Sanadora por Arquetipos.-Estudios de Chakras con una maestra de la Federaci\u00f3n de Reiki.-Terapia Regresiva.-Experta en Manifestaci\u00f3n. Charlemos por whatsapp<\/p>\n","protected":false},"author":1,"featured_media":0,"parent":0,"menu_order":0,"comment_status":"closed","ping_status":"closed","template":"","meta":{"inspiro_hide_title":false,"footnotes":""},"class_list":["post-5592","page","type-page","status-publish","hentry"],"aioseo_notices":[],"featured_media_urls":[],"_links":{"self":[{"href":"https:\/\/inesjusticia.com\/index.php\/wp-json\/wp\/v2\/pages\/5592","targetHints":{"allow":["GET"]}}],"collection":[{"href":"https:\/\/inesjusticia.com\/index.php\/wp-json\/wp\/v2\/pages"}],"about":[{"href":"https:\/\/inesjusticia.com\/index.php\/wp-json\/wp\/v2\/types\/page"}],"author":[{"embeddable":true,"href":"https:\/\/inesjusticia.com\/index.php\/wp-json\/wp\/v2\/users\/1"}],"replies":[{"embeddable":true,"href":"https:\/\/inesjusticia.com\/index.php\/wp-json\/wp\/v2\/comments?post=5592"}],"version-history":[{"count":3,"href":"https:\/\/inesjusticia.com\/index.php\/wp-json\/wp\/v2\/pages\/5592\/revisions"}],"predecessor-version":[{"id":9352,"href":"https:\/\/inesjusticia.com\/index.php\/wp-json\/wp\/v2\/pages\/5592\/revisions\/9352"}],"wp:attachment":[{"href":"https:\/\/inesjusticia.com\/index.php\/wp-json\/wp\/v2\/media?parent=5592"}],"curies":[{"name":"wp","href":"https:\/\/api.w.org\/{rel}","templated":true}]}}