{"id":11188,"date":"2026-03-10T20:06:44","date_gmt":"2026-03-10T20:06:44","guid":{"rendered":"https:\/\/inesjusticia.com\/?page_id=11188"},"modified":"2026-03-10T20:06:57","modified_gmt":"2026-03-10T20:06:57","slug":"inscripcion-al-curso-avanzado-de-mediumnidad","status":"publish","type":"page","link":"https:\/\/inesjusticia.com\/index.php\/inscripcion-al-curso-avanzado-de-mediumnidad\/","title":{"rendered":"Inscripci\u00f3n al curso avanzado de mediumnidad"},"content":{"rendered":"\t\t<div data-elementor-type=\"wp-page\" data-elementor-id=\"11188\" class=\"elementor elementor-11188\">\n\t\t\t\t\t\t<section class=\"elementor-section elementor-top-section elementor-element elementor-element-3f90b64 elementor-section-full_width elementor-section-height-default elementor-section-height-default wpr-particle-no wpr-jarallax-no wpr-parallax-no wpr-sticky-section-no wpr-equal-height-no\" data-id=\"3f90b64\" data-element_type=\"section\" data-e-type=\"section\" data-settings=\"{&quot;background_background&quot;:&quot;classic&quot;}\">\n\t\t\t\t\t\t\t<div class=\"elementor-background-overlay\"><\/div>\n\t\t\t\t\t\t\t<div class=\"elementor-container elementor-column-gap-no\">\n\t\t\t\t\t<div class=\"elementor-column elementor-col-100 elementor-top-column elementor-element elementor-element-3b3b995\" data-id=\"3b3b995\" data-element_type=\"column\" data-e-type=\"column\">\n\t\t\t<div class=\"elementor-widget-wrap elementor-element-populated\">\n\t\t\t\t\t\t<div class=\"elementor-element elementor-element-7eb7dd9 elementor-widget elementor-widget-heading\" data-id=\"7eb7dd9\" data-element_type=\"widget\" data-e-type=\"widget\" data-widget_type=\"heading.default\">\n\t\t\t\t<div class=\"elementor-widget-container\">\n\t\t\t\t\t<h2 class=\"elementor-heading-title elementor-size-default\">PAGO DEL CURSO AVANZADO DE MEDIUMNIDAD<\/h2>\t\t\t\t<\/div>\n\t\t\t\t<\/div>\n\t\t\t\t\t<\/div>\n\t\t<\/div>\n\t\t\t\t\t<\/div>\n\t\t<\/section>\n\t\t\t\t<section class=\"elementor-section elementor-top-section elementor-element elementor-element-9c4c8f5 elementor-hidden-mobile elementor-section-boxed elementor-section-height-default elementor-section-height-default wpr-particle-no wpr-jarallax-no wpr-parallax-no wpr-sticky-section-no wpr-equal-height-no\" data-id=\"9c4c8f5\" data-element_type=\"section\" data-e-type=\"section\">\n\t\t\t\t\t\t<div class=\"elementor-container elementor-column-gap-default\">\n\t\t\t\t\t<div class=\"elementor-column elementor-col-100 elementor-top-column elementor-element elementor-element-99d10fc\" data-id=\"99d10fc\" data-element_type=\"column\" data-e-type=\"column\">\n\t\t\t<div class=\"elementor-widget-wrap elementor-element-populated\">\n\t\t\t\t\t\t<div class=\"elementor-element elementor-element-c2004b8 elementor-widget elementor-widget-spacer\" data-id=\"c2004b8\" data-element_type=\"widget\" data-e-type=\"widget\" data-widget_type=\"spacer.default\">\n\t\t\t\t<div class=\"elementor-widget-container\">\n\t\t\t\t\t\t\t<div class=\"elementor-spacer\">\n\t\t\t<div class=\"elementor-spacer-inner\"><\/div>\n\t\t<\/div>\n\t\t\t\t\t\t<\/div>\n\t\t\t\t<\/div>\n\t\t\t\t\t<\/div>\n\t\t<\/div>\n\t\t\t\t\t<\/div>\n\t\t<\/section>\n\t\t\t\t<section class=\"elementor-section elementor-top-section elementor-element elementor-element-87d8951 elementor-section-boxed elementor-section-height-default elementor-section-height-default wpr-particle-no wpr-jarallax-no wpr-parallax-no wpr-sticky-section-no wpr-equal-height-no\" data-id=\"87d8951\" data-element_type=\"section\" data-e-type=\"section\">\n\t\t\t\t\t\t<div class=\"elementor-container elementor-column-gap-default\">\n\t\t\t\t\t<div class=\"elementor-column elementor-col-50 elementor-top-column elementor-element elementor-element-584536e\" data-id=\"584536e\" data-element_type=\"column\" data-e-type=\"column\">\n\t\t\t<div class=\"elementor-widget-wrap elementor-element-populated\">\n\t\t\t\t\t\t<div class=\"elementor-element elementor-element-cf01fca elementor-widget__width-auto elementor-widget elementor-widget-html\" data-id=\"cf01fca\" data-element_type=\"widget\" data-e-type=\"widget\" data-widget_type=\"html.default\">\n\t\t\t\t<div class=\"elementor-widget-container\">\n\t\t\t\t\t<script async\r\n  src=\"https:\/\/js.stripe.com\/v3\/buy-button.js\">\r\n<\/script>\r\n\r\n<stripe-buy-button\r\n  buy-button-id=\"buy_btn_1T9WUNKxRnZk3BoSzZjSiIWu\"\r\n  publishable-key=\"pk_live_51QAtqLKxRnZk3BoSKmjt9NQBWoGkol8RtH9xBEsVbzzbGoMaonKxVbYh9QxtDjS81dARpD2csaDMgcxv0tYiEcjX00pQfJGO64\"\r\n>\r\n<\/stripe-buy-button>\t\t\t\t<\/div>\n\t\t\t\t<\/div>\n\t\t\t\t\t<\/div>\n\t\t<\/div>\n\t\t\t\t<div class=\"elementor-column elementor-col-50 elementor-top-column elementor-element elementor-element-8c85f24\" data-id=\"8c85f24\" data-element_type=\"column\" data-e-type=\"column\" data-settings=\"{&quot;background_background&quot;:&quot;classic&quot;}\">\n\t\t\t<div class=\"elementor-widget-wrap elementor-element-populated\">\n\t\t\t\t\t\t<div class=\"elementor-element elementor-element-f2d1fed elementor-widget elementor-widget-heading\" data-id=\"f2d1fed\" data-element_type=\"widget\" data-e-type=\"widget\" data-widget_type=\"heading.default\">\n\t\t\t\t<div class=\"elementor-widget-container\">\n\t\t\t\t\t<h3 class=\"elementor-heading-title elementor-size-default\">Transferencia<\/h3>\t\t\t\t<\/div>\n\t\t\t\t<\/div>\n\t\t\t\t<div class=\"elementor-element elementor-element-4ccee85 elementor-widget elementor-widget-text-editor\" data-id=\"4ccee85\" data-element_type=\"widget\" data-e-type=\"widget\" data-widget_type=\"text-editor.default\">\n\t\t\t\t<div class=\"elementor-widget-container\">\n\t\t\t\t\t\t\t\t\t<h6 style=\"text-align: center;\">Pago \u00fanico de<br \/>480 euros<\/h6><h6 style=\"text-align: center;\"><strong>LA CAIXA<\/strong><br \/><strong>ES95 2100 1311 0502 0018 5498<\/strong><\/h6>\t\t\t\t\t\t\t\t<\/div>\n\t\t\t\t<\/div>\n\t\t\t\t\t<\/div>\n\t\t<\/div>\n\t\t\t\t\t<\/div>\n\t\t<\/section>\n\t\t\t\t<section class=\"elementor-section elementor-top-section elementor-element elementor-element-36ec269 elementor-section-boxed elementor-section-height-default elementor-section-height-default wpr-particle-no wpr-jarallax-no wpr-parallax-no wpr-sticky-section-no wpr-equal-height-no\" data-id=\"36ec269\" data-element_type=\"section\" data-e-type=\"section\">\n\t\t\t\t\t\t<div class=\"elementor-container elementor-column-gap-default\">\n\t\t\t\t\t<div class=\"elementor-column elementor-col-33 elementor-top-column elementor-element elementor-element-6144e9a\" data-id=\"6144e9a\" data-element_type=\"column\" data-e-type=\"column\">\n\t\t\t<div class=\"elementor-widget-wrap\">\n\t\t\t\t\t\t\t<\/div>\n\t\t<\/div>\n\t\t\t\t<div class=\"elementor-column elementor-col-33 elementor-top-column elementor-element elementor-element-4f2eab2\" data-id=\"4f2eab2\" data-element_type=\"column\" data-e-type=\"column\">\n\t\t\t<div class=\"elementor-widget-wrap elementor-element-populated\">\n\t\t\t\t\t\t<div class=\"elementor-element elementor-element-2319a30 elementor-widget elementor-widget-text-editor\" data-id=\"2319a30\" data-element_type=\"widget\" data-e-type=\"widget\" data-widget_type=\"text-editor.default\">\n\t\t\t\t<div class=\"elementor-widget-container\">\n\t\t\t\t\t\t\t\t\t<p><span style=\"font-size: small;\"><em><strong>Importante:<\/strong> Una vez realizado el primer pago, no se realizar\u00e1n devoluciones, de acuerdo con el art\u00edculo 103 de la Ley General para la Defensa de los Consumidores y Usuarios, que establece que no hay derecho a desistimiento en contratos de prestaci\u00f3n de servicios una vez que se ha comenzado la ejecuci\u00f3n del servicio.<\/em><\/span><\/p>\t\t\t\t\t\t\t\t<\/div>\n\t\t\t\t<\/div>\n\t\t\t\t\t<\/div>\n\t\t<\/div>\n\t\t\t\t<div class=\"elementor-column elementor-col-33 elementor-top-column elementor-element elementor-element-96a2fcb\" data-id=\"96a2fcb\" data-element_type=\"column\" data-e-type=\"column\">\n\t\t\t<div class=\"elementor-widget-wrap\">\n\t\t\t\t\t\t\t<\/div>\n\t\t<\/div>\n\t\t\t\t\t<\/div>\n\t\t<\/section>\n\t\t\t\t<\/div>\n\t\t","protected":false},"excerpt":{"rendered":"<p>PAGO DEL CURSO AVANZADO DE MEDIUMNIDAD Transferencia Pago \u00fanico de480 euros LA CAIXAES95 2100 1311 0502 0018 5498 Importante: Una vez realizado el primer pago, no se realizar\u00e1n devoluciones, de acuerdo con el art\u00edculo 103 de la Ley General para la Defensa de los Consumidores y Usuarios, que establece que no hay derecho a desistimiento en contratos de prestaci\u00f3n de servicios una vez que se ha comenzado la ejecuci\u00f3n del servicio.<\/p>\n","protected":false},"author":1,"featured_media":8522,"parent":0,"menu_order":0,"comment_status":"closed","ping_status":"closed","template":"","meta":{"inspiro_hide_title":false,"footnotes":""},"class_list":["post-11188","page","type-page","status-publish","has-post-thumbnail","hentry"],"aioseo_notices":[],"featured_media_urls":{"thumbnail":["https:\/\/inesjusticia.com\/wp-content\/uploads\/2025\/03\/WhatsApp-Image-2025-03-30-at-9.31.34-PM-150x150.jpeg",150,150,true],"medium":["https:\/\/inesjusticia.com\/wp-content\/uploads\/2025\/03\/WhatsApp-Image-2025-03-30-at-9.31.34-PM-300x300.jpeg",300,300,true],"medium_large":["https:\/\/inesjusticia.com\/wp-content\/uploads\/2025\/03\/WhatsApp-Image-2025-03-30-at-9.31.34-PM.jpeg",768,768,false],"large":["https:\/\/inesjusticia.com\/wp-content\/uploads\/2025\/03\/WhatsApp-Image-2025-03-30-at-9.31.34-PM-1024x1024.jpeg",950,950,true],"1536x1536":["https:\/\/inesjusticia.com\/wp-content\/uploads\/2025\/03\/WhatsApp-Image-2025-03-30-at-9.31.34-PM.jpeg",1080,1080,false],"2048x2048":["https:\/\/inesjusticia.com\/wp-content\/uploads\/2025\/03\/WhatsApp-Image-2025-03-30-at-9.31.34-PM.jpeg",1080,1080,false],"tp-image-grid":["https:\/\/inesjusticia.com\/wp-content\/uploads\/2025\/03\/WhatsApp-Image-2025-03-30-at-9.31.34-PM-700x700.jpeg",700,700,true],"inspiro-featured-image":["https:\/\/inesjusticia.com\/wp-content\/uploads\/2025\/03\/WhatsApp-Image-2025-03-30-at-9.31.34-PM.jpeg",1080,1080,false],"inspiro-loop":["https:\/\/inesjusticia.com\/wp-content\/uploads\/2025\/03\/WhatsApp-Image-2025-03-30-at-9.31.34-PM-950x320.jpeg",950,320,true],"inspiro-loop@2x":["https:\/\/inesjusticia.com\/wp-content\/uploads\/2025\/03\/WhatsApp-Image-2025-03-30-at-9.31.34-PM-1080x640.jpeg",1080,640,true],"mailpoet_newsletter_max":["https:\/\/inesjusticia.com\/wp-content\/uploads\/2025\/03\/WhatsApp-Image-2025-03-30-at-9.31.34-PM.jpeg",1080,1080,false],"menu-24x24":["https:\/\/inesjusticia.com\/wp-content\/uploads\/2025\/03\/WhatsApp-Image-2025-03-30-at-9.31.34-PM-24x24.jpeg",24,24,true],"menu-36x36":["https:\/\/inesjusticia.com\/wp-content\/uploads\/2025\/03\/WhatsApp-Image-2025-03-30-at-9.31.34-PM-36x36.jpeg",36,36,true],"menu-48x48":["https:\/\/inesjusticia.com\/wp-content\/uploads\/2025\/03\/WhatsApp-Image-2025-03-30-at-9.31.34-PM-48x48.jpeg",48,48,true],"portfolio_item-thumbnail":["https:\/\/inesjusticia.com\/wp-content\/uploads\/2025\/03\/WhatsApp-Image-2025-03-30-at-9.31.34-PM-600x400.jpeg",600,400,true],"portfolio_item-thumbnail@2x":["https:\/\/inesjusticia.com\/wp-content\/uploads\/2025\/03\/WhatsApp-Image-2025-03-30-at-9.31.34-PM-1080x800.jpeg",1080,800,true],"portfolio_item-masonry":["https:\/\/inesjusticia.com\/wp-content\/uploads\/2025\/03\/WhatsApp-Image-2025-03-30-at-9.31.34-PM-600x600.jpeg",600,600,true],"portfolio_item-masonry@2x":["https:\/\/inesjusticia.com\/wp-content\/uploads\/2025\/03\/WhatsApp-Image-2025-03-30-at-9.31.34-PM.jpeg",1080,1080,false],"portfolio_item-thumbnail_cinema":["https:\/\/inesjusticia.com\/wp-content\/uploads\/2025\/03\/WhatsApp-Image-2025-03-30-at-9.31.34-PM-800x335.jpeg",800,335,true],"portfolio_item-thumbnail_portrait":["https:\/\/inesjusticia.com\/wp-content\/uploads\/2025\/03\/WhatsApp-Image-2025-03-30-at-9.31.34-PM-600x900.jpeg",600,900,true],"portfolio_item-thumbnail_portrait@2x":["https:\/\/inesjusticia.com\/wp-content\/uploads\/2025\/03\/WhatsApp-Image-2025-03-30-at-9.31.34-PM.jpeg",1080,1080,false],"portfolio_item-thumbnail_square":["https:\/\/inesjusticia.com\/wp-content\/uploads\/2025\/03\/WhatsApp-Image-2025-03-30-at-9.31.34-PM-800x800.jpeg",800,800,true]},"_links":{"self":[{"href":"https:\/\/inesjusticia.com\/index.php\/wp-json\/wp\/v2\/pages\/11188","targetHints":{"allow":["GET"]}}],"collection":[{"href":"https:\/\/inesjusticia.com\/index.php\/wp-json\/wp\/v2\/pages"}],"about":[{"href":"https:\/\/inesjusticia.com\/index.php\/wp-json\/wp\/v2\/types\/page"}],"author":[{"embeddable":true,"href":"https:\/\/inesjusticia.com\/index.php\/wp-json\/wp\/v2\/users\/1"}],"replies":[{"embeddable":true,"href":"https:\/\/inesjusticia.com\/index.php\/wp-json\/wp\/v2\/comments?post=11188"}],"version-history":[{"count":5,"href":"https:\/\/inesjusticia.com\/index.php\/wp-json\/wp\/v2\/pages\/11188\/revisions"}],"predecessor-version":[{"id":11197,"href":"https:\/\/inesjusticia.com\/index.php\/wp-json\/wp\/v2\/pages\/11188\/revisions\/11197"}],"wp:featuredmedia":[{"embeddable":true,"href":"https:\/\/inesjusticia.com\/index.php\/wp-json\/wp\/v2\/media\/8522"}],"wp:attachment":[{"href":"https:\/\/inesjusticia.com\/index.php\/wp-json\/wp\/v2\/media?parent=11188"}],"curies":[{"name":"wp","href":"https:\/\/api.w.org\/{rel}","templated":true}]}}