{"id":10349,"date":"2025-11-17T01:37:56","date_gmt":"2025-11-17T01:37:56","guid":{"rendered":"https:\/\/inesjusticia.com\/?page_id=10349"},"modified":"2026-04-11T22:38:47","modified_gmt":"2026-04-11T22:38:47","slug":"masterclass-gratuita-de-mediumnidad","status":"publish","type":"page","link":"https:\/\/inesjusticia.com\/index.php\/masterclass-gratuita-de-mediumnidad\/","title":{"rendered":"Masterclass gratuita de Mediumnidad"},"content":{"rendered":"\t\t<div data-elementor-type=\"wp-page\" data-elementor-id=\"10349\" class=\"elementor elementor-10349\">\n\t\t\t\t\t\t<section class=\"elementor-section elementor-top-section elementor-element elementor-element-62da45a elementor-section-boxed elementor-section-height-default elementor-section-height-default wpr-particle-no wpr-jarallax-no wpr-parallax-no wpr-sticky-section-no wpr-equal-height-no\" data-id=\"62da45a\" data-element_type=\"section\" data-e-type=\"section\">\n\t\t\t\t\t\t<div class=\"elementor-container elementor-column-gap-default\">\n\t\t\t\t\t<div class=\"elementor-column elementor-col-100 elementor-top-column elementor-element elementor-element-bf1e961\" data-id=\"bf1e961\" data-element_type=\"column\" data-e-type=\"column\">\n\t\t\t<div class=\"elementor-widget-wrap elementor-element-populated\">\n\t\t\t\t\t\t<div class=\"elementor-element elementor-element-c92dabe elementor-widget elementor-widget-spacer\" data-id=\"c92dabe\" data-element_type=\"widget\" data-e-type=\"widget\" data-widget_type=\"spacer.default\">\n\t\t\t\t<div class=\"elementor-widget-container\">\n\t\t\t\t\t\t\t<div class=\"elementor-spacer\">\n\t\t\t<div class=\"elementor-spacer-inner\"><\/div>\n\t\t<\/div>\n\t\t\t\t\t\t<\/div>\n\t\t\t\t<\/div>\n\t\t\t\t<div class=\"elementor-element elementor-element-4fcda45 elementor-widget elementor-widget-heading\" data-id=\"4fcda45\" data-element_type=\"widget\" data-e-type=\"widget\" data-widget_type=\"heading.default\">\n\t\t\t\t<div class=\"elementor-widget-container\">\n\t\t\t\t\t<h2 class=\"elementor-heading-title elementor-size-default\">Masterclass GRATUITA de Mediumnidad<\/h2>\t\t\t\t<\/div>\n\t\t\t\t<\/div>\n\t\t\t\t<div class=\"elementor-element elementor-element-f0bf764 elementor-widget elementor-widget-text-editor\" data-id=\"f0bf764\" data-element_type=\"widget\" data-e-type=\"widget\" data-widget_type=\"text-editor.default\">\n\t\t\t\t<div class=\"elementor-widget-container\">\n\t\t\t\t\t\t\t\t\t<h6>La mediumnidad no es un don reservado para unos pocos.<br \/>Es una capacidad natural, humana y accesible\u2026 solo necesitamos comprenderla, entrenarla y perderle el miedo.<\/h6><p><strong>En esta clase gratuita te acompa\u00f1o a descubrir la mediumnidad desde un enfoque seguro, amoroso y pr\u00e1ctico, donde aprender\u00e1s:<\/strong><\/p><p>\u2728 C\u00f3mo funciona realmente la mediumnidad<br \/>\u2728 T\u00e9cnicas sencillas para empezar a percibir con claridad<br \/>\u2728 C\u00f3mo diferenciar intuici\u00f3n, mente y conexi\u00f3n aut\u00e9ntica<br \/>\u2728 Pr\u00e1cticas para elevar tu sensibilidad sin miedo<br \/>\u2728 Qu\u00e9 NO es la mediumnidad y los mitos que la rodean<br \/>\u2728 Ejercicios en vivo para sentir la energ\u00eda por ti mism@<\/p><p>Esta experiencia est\u00e1 dise\u00f1ada para que vivas, desde la pr\u00e1ctica, que la mediumnidad puede ser un camino de crecimiento, conexi\u00f3n y paz \u2014 no de temor ni confusi\u00f3n.<\/p>\t\t\t\t\t\t\t\t<\/div>\n\t\t\t\t<\/div>\n\t\t\t\t<div class=\"elementor-element elementor-element-032ae39 elementor-widget elementor-widget-spacer\" data-id=\"032ae39\" data-element_type=\"widget\" data-e-type=\"widget\" data-widget_type=\"spacer.default\">\n\t\t\t\t<div class=\"elementor-widget-container\">\n\t\t\t\t\t\t\t<div class=\"elementor-spacer\">\n\t\t\t<div class=\"elementor-spacer-inner\"><\/div>\n\t\t<\/div>\n\t\t\t\t\t\t<\/div>\n\t\t\t\t<\/div>\n\t\t\t\t\t<\/div>\n\t\t<\/div>\n\t\t\t\t\t<\/div>\n\t\t<\/section>\n\t\t\t\t<section class=\"elementor-section elementor-top-section elementor-element elementor-element-5ad1d66 elementor-reverse-mobile elementor-section-boxed elementor-section-height-default elementor-section-height-default wpr-particle-no wpr-jarallax-no wpr-parallax-no wpr-sticky-section-no wpr-equal-height-no\" data-id=\"5ad1d66\" data-element_type=\"section\" data-e-type=\"section\" data-settings=\"{&quot;background_background&quot;:&quot;classic&quot;}\">\n\t\t\t\t\t\t<div class=\"elementor-container elementor-column-gap-default\">\n\t\t\t\t\t<div class=\"elementor-column elementor-col-50 elementor-top-column elementor-element elementor-element-3a1538f\" data-id=\"3a1538f\" data-element_type=\"column\" data-e-type=\"column\">\n\t\t\t<div class=\"elementor-widget-wrap elementor-element-populated\">\n\t\t\t\t\t\t<div class=\"elementor-element elementor-element-9769487 elementor-widget elementor-widget-text-editor\" data-id=\"9769487\" data-element_type=\"widget\" data-e-type=\"widget\" data-widget_type=\"text-editor.default\">\n\t\t\t\t<div class=\"elementor-widget-container\">\n\t\t\t\t\t\t\t\t\t<h4><strong>Reg\u00edstrate y recibe el acceso antes que nadie!<\/strong><\/h4><h6>D\u00e9ja tu nombre y correo para enviarte:<\/h6><p><span style=\"color: #ffffff;\">\ud83d\udce9 Recordatorios previos<\/span><br \/><span style=\"color: #ffffff;\">\ud83d\udce9 Materiales complementarios<\/span><br \/><span style=\"color: #ffffff;\">\ud83d\udce9 Invitaciones a futuras clases gratuitas<\/span><br \/><span style=\"color: #ffffff;\">\ud83d\udce9Novedades<\/span><\/p>\t\t\t\t\t\t\t\t<\/div>\n\t\t\t\t<\/div>\n\t\t\t\t\t<\/div>\n\t\t<\/div>\n\t\t\t\t<div class=\"elementor-column elementor-col-50 elementor-top-column elementor-element elementor-element-240e3fb\" data-id=\"240e3fb\" data-element_type=\"column\" data-e-type=\"column\">\n\t\t\t<div class=\"elementor-widget-wrap elementor-element-populated\">\n\t\t\t\t\t\t<div class=\"elementor-element elementor-element-887b3a2 elementor-widget elementor-widget-image\" data-id=\"887b3a2\" data-element_type=\"widget\" data-e-type=\"widget\" data-widget_type=\"image.default\">\n\t\t\t\t<div class=\"elementor-widget-container\">\n\t\t\t\t\t\t\t\t\t\t\t\t\t\t\t<img fetchpriority=\"high\" decoding=\"async\" width=\"800\" height=\"800\" src=\"https:\/\/inesjusticia.com\/wp-content\/uploads\/2026\/04\/2-800x800.png\" class=\"attachment-portfolio_item-thumbnail_square size-portfolio_item-thumbnail_square wp-image-11564\" alt=\"\" srcset=\"https:\/\/inesjusticia.com\/wp-content\/uploads\/2026\/04\/2-800x800.png 800w, https:\/\/inesjusticia.com\/wp-content\/uploads\/2026\/04\/2-150x150.png 150w, https:\/\/inesjusticia.com\/wp-content\/uploads\/2026\/04\/2-700x700.png 700w\" sizes=\"100vw\" \/>\t\t\t\t\t\t\t\t\t\t\t\t\t\t\t<\/div>\n\t\t\t\t<\/div>\n\t\t\t\t\t<\/div>\n\t\t<\/div>\n\t\t\t\t\t<\/div>\n\t\t<\/section>\n\t\t\t\t<section class=\"elementor-section elementor-top-section elementor-element elementor-element-10ae416 elementor-section-boxed elementor-section-height-default elementor-section-height-default wpr-particle-no wpr-jarallax-no wpr-parallax-no wpr-sticky-section-no wpr-equal-height-no\" data-id=\"10ae416\" data-element_type=\"section\" data-e-type=\"section\">\n\t\t\t\t\t\t<div class=\"elementor-container elementor-column-gap-default\">\n\t\t\t\t\t<div class=\"elementor-column elementor-col-100 elementor-top-column elementor-element elementor-element-adc8486\" data-id=\"adc8486\" data-element_type=\"column\" data-e-type=\"column\">\n\t\t\t<div class=\"elementor-widget-wrap elementor-element-populated\">\n\t\t\t\t\t\t<div class=\"elementor-element elementor-element-16c8355 elementor-widget elementor-widget-spacer\" data-id=\"16c8355\" data-element_type=\"widget\" data-e-type=\"widget\" data-widget_type=\"spacer.default\">\n\t\t\t\t<div class=\"elementor-widget-container\">\n\t\t\t\t\t\t\t<div class=\"elementor-spacer\">\n\t\t\t<div class=\"elementor-spacer-inner\"><\/div>\n\t\t<\/div>\n\t\t\t\t\t\t<\/div>\n\t\t\t\t<\/div>\n\t\t\t\t\t<\/div>\n\t\t<\/div>\n\t\t\t\t\t<\/div>\n\t\t<\/section>\n\t\t\t\t<section class=\"elementor-section elementor-top-section elementor-element elementor-element-74fcadd elementor-section-boxed elementor-section-height-default elementor-section-height-default wpr-particle-no wpr-jarallax-no wpr-parallax-no wpr-sticky-section-no wpr-equal-height-no\" data-id=\"74fcadd\" data-element_type=\"section\" data-e-type=\"section\">\n\t\t\t\t\t\t<div class=\"elementor-container elementor-column-gap-default\">\n\t\t\t\t\t<div class=\"elementor-column elementor-col-100 elementor-top-column elementor-element elementor-element-aa16261\" data-id=\"aa16261\" data-element_type=\"column\" data-e-type=\"column\">\n\t\t\t<div class=\"elementor-widget-wrap elementor-element-populated\">\n\t\t\t\t\t\t<div class=\"elementor-element elementor-element-a44abd8 eael-ninja-form-title-yes eael-ninja-form-labels-yes eael-ninja-form-button-custom elementor-widget elementor-widget-eael-ninja\" data-id=\"a44abd8\" data-element_type=\"widget\" data-e-type=\"widget\" data-widget_type=\"eael-ninja.default\">\n\t\t\t\t<div class=\"elementor-widget-container\">\n\t\t\t\t\t            <div class=\"eael-contact-form eael-ninja-form eael-contact-form-align-default\" id=\"eael-ninja-form-10349\">\n                                <noscript class=\"ninja-forms-noscript-message\">\n\tAviso: Se requiere JavaScript para este contenido.<\/noscript>\n<div id=\"nf-form-18-cont\" class=\"nf-form-cont\" aria-live=\"polite\" aria-labelledby=\"nf-form-title-18\" aria-describedby=\"nf-form-errors-18\" role=\"form\">\n\n    <div class=\"nf-loading-spinner\"><\/div>\n\n<\/div>\n        <!-- That data is being printed as a workaround to page builders reordering the order of the scripts loaded-->\n        <script>var formDisplay=1;var nfForms=nfForms||[];var form=[];form.id='18';form.settings={\"objectType\":\"Form Setting\",\"editActive\":true,\"title\":\"Acceso a la Masterclass de Mediumnidad - 17 de Mayo\",\"created_at\":\"2026-04-11 22:18:35\",\"default_label_pos\":\"above\",\"show_title\":\"0\",\"clear_complete\":\"1\",\"hide_complete\":\"1\",\"logged_in\":\"0\",\"wrapper_class\":\"\",\"element_class\":\"\",\"key\":\"\",\"add_submit\":\"1\",\"currency\":\"EUR\",\"unique_field_error\":\"A form with this value has already been submitted.\",\"not_logged_in_msg\":\"\",\"sub_limit_msg\":\"<p>The form has reached its submission limit.<\\\/p>\",\"calculations\":[],\"formContentData\":[\"nombre_1727576660899\",\"lastname_1727582085709\",\"correo_electronico_1727576672162\",\"phone_1727582113066\",\"inscribirme_1727577856635\"],\"drawerDisabled\":false,\"form_title_heading_level\":\"3\",\"changeEmailErrorMsg\":\"Introduce una direcci\\u00f3n de correo electr\\u00f3nico v\\u00e1lida.\",\"changeDateErrorMsg\":\"Please enter a valid date!\",\"confirmFieldErrorMsg\":\"Estos campos deben coincidir.\",\"fieldNumberNumMinError\":\"Error de n\\u00famero m\\u00ednimo\",\"fieldNumberNumMaxError\":\"Error de n\\u00famero m\\u00e1ximo\",\"fieldNumberIncrementBy\":\"Increm\\u00e9ntalo por \",\"formErrorsCorrectErrors\":\"Corrige los errores antes de enviar este formulario.\",\"validateRequiredField\":\"Esto es un campo obligatorio.\",\"honeypotHoneypotError\":\"Error de Honeypot\",\"fieldsMarkedRequired\":\"Campos marcados con <span class=\\\"ninja-forms-req-symbol\\\">*<\\\/span> son requeridos\",\"objectDomain\":\"display\",\"allow_public_link\":0,\"embed_form\":\"\",\"ninjaForms\":\"Ninja Forms\",\"fieldTextareaRTEInsertLink\":\"Insertar enlace\",\"fieldTextareaRTEInsertMedia\":\"Insertar medios\",\"fieldTextareaRTESelectAFile\":\"Seleccione un archivo\",\"tableInsertRowAbove\":\"Insert Row Above\",\"tableInsertRowBelow\":\"Insert Row Below\",\"tableInsertColumnLeft\":\"Insert Column Left\",\"tableInsertColumnRight\":\"Insert Column Right\",\"tableDeleteRow\":\"Delete Row\",\"tableDeleteColumn\":\"Delete Column\",\"tableDeleteTable\":\"Delete Table\",\"tableLegacyNotice\":\"This content has tables in the old editor format. Custom styles are preserved until converted. Editing will update to the new format.\",\"tableLegacyConvert\":\"Convert Now\",\"tableInsertTable\":\"Insert Table\",\"dismiss\":\"Descartar\",\"insertLink\":\"Insertar enlace\",\"formHoneypot\":\"Si eres un ser humano y est\\u00e1s viendo este campo, por favor d\\u00e9jalo vac\\u00edo.\",\"fileUploadOldCodeFileUploadInProgress\":\"Carga de archivo en curso.\",\"fileUploadOldCodeFileUpload\":\"CARGA DE ARCHIVO\",\"currencySymbol\":\"&#36;\",\"thousands_sep\":\",\",\"decimal_point\":\".\",\"siteLocale\":\"es_MX\",\"dateFormat\":\"d\\\/m\\\/Y\",\"startOfWeek\":\"1\",\"of\":\"de\",\"previousMonth\":\"Previo Mes\",\"nextMonth\":\"Siguiente Mes\",\"months\":[\"Enero\",\"Febrero\",\"Marzo\",\"Abril\",\"Mayo\",\"Junio\",\"Julio\",\"Agosto\",\"Septiembre\",\"Octubre\",\"Noviembre\",\"Diciembre\"],\"monthsShort\":[\"Ene\",\"Feb\",\"Mar\",\"Abr\",\"Mayo\",\"Jun\",\"Jul\",\"Ago\",\"Sep\",\"Oct\",\"Nov\",\"Dic\"],\"weekdays\":[\"Domingo\",\"Lunes\",\"Martes\",\"Mi\\u00e9rcoles\",\"Jueves\",\"Viernes\",\"Sabado\"],\"weekdaysShort\":[\"Dom\",\"Lun\",\"Mar\",\"Mie\",\"Jue\",\"Vie\",\"Sab\"],\"weekdaysMin\":[\"Do\",\"Lu\",\"Ma\",\"Mi\",\"Ju\",\"Vi\",\"Sa\"],\"recaptchaConsentMissing\":\"reCaptcha validation couldn&#039;t load.\",\"recaptchaMissingCookie\":\"reCaptcha v3 validation couldn&#039;t load the cookie needed to submit the form.\",\"recaptchaConsentEvent\":\"Accept reCaptcha cookies before sending the form.\",\"currency_symbol\":\"&euro;\",\"beforeForm\":\"\",\"beforeFields\":\"\",\"afterFields\":\"\",\"afterForm\":\"\"};form.fields=[{\"objectType\":\"Field\",\"objectDomain\":\"fields\",\"editActive\":false,\"order\":1,\"idAttribute\":\"id\",\"label\":\"Nombre\",\"type\":\"firstname\",\"key\":\"nombre_1727576660899\",\"label_pos\":\"above\",\"required\":1,\"default\":\"\",\"placeholder\":\"\",\"container_class\":\"\",\"element_class\":\"\",\"admin_label\":\"\",\"help_text\":\"\",\"custom_name_attribute\":\"fname\",\"personally_identifiable\":1,\"value\":\"\",\"field_label\":\"Nombre\",\"field_key\":\"nombre_1727576660899\",\"id\":142,\"beforeField\":\"\",\"afterField\":\"\",\"parentType\":\"firstname\",\"element_templates\":[\"firstname\",\"input\"],\"old_classname\":\"\",\"wrap_template\":\"wrap\"},{\"objectType\":\"Field\",\"objectDomain\":\"fields\",\"editActive\":false,\"order\":2,\"idAttribute\":\"id\",\"label\":\"Apellido\",\"type\":\"lastname\",\"key\":\"lastname_1727582085709\",\"label_pos\":\"above\",\"required\":1,\"default\":\"\",\"placeholder\":\"\",\"container_class\":\"\",\"element_class\":\"\",\"admin_label\":\"\",\"help_text\":\"\",\"custom_name_attribute\":\"lname\",\"personally_identifiable\":1,\"value\":\"\",\"field_label\":\"Apellido\",\"field_key\":\"lastname_1727582085709\",\"id\":144,\"beforeField\":\"\",\"afterField\":\"\",\"parentType\":\"lastname\",\"element_templates\":[\"lastname\",\"input\"],\"old_classname\":\"\",\"wrap_template\":\"wrap\"},{\"objectType\":\"Field\",\"objectDomain\":\"fields\",\"editActive\":false,\"order\":3,\"idAttribute\":\"id\",\"label\":\"Correo electr\\u00f3nico\",\"type\":\"email\",\"key\":\"correo_electronico_1727576672162\",\"label_pos\":\"above\",\"required\":1,\"default\":\"\",\"placeholder\":\"\",\"container_class\":\"\",\"element_class\":\"\",\"admin_label\":\"\",\"help_text\":\"\",\"custom_name_attribute\":\"email\",\"personally_identifiable\":1,\"value\":\"\",\"field_label\":\"Correo electr\\u00f3nico\",\"field_key\":\"correo_electronico_1727576672162\",\"id\":143,\"beforeField\":\"\",\"afterField\":\"\",\"parentType\":\"email\",\"element_templates\":[\"email\",\"input\"],\"old_classname\":\"\",\"wrap_template\":\"wrap\"},{\"objectType\":\"Field\",\"objectDomain\":\"fields\",\"editActive\":false,\"order\":4,\"idAttribute\":\"id\",\"label\":\"Tel\\u00e9fono\",\"type\":\"phone\",\"key\":\"phone_1727582113066\",\"label_pos\":\"above\",\"required\":0,\"default\":\"\",\"placeholder\":\"\",\"container_class\":\"\",\"element_class\":\"\",\"input_limit\":\"\",\"input_limit_type\":\"characters\",\"input_limit_msg\":\"Caracteres restantes\",\"manual_key\":\"\",\"admin_label\":\"\",\"help_text\":\"\",\"mask\":\"\",\"custom_mask\":\"\",\"custom_name_attribute\":\"phone\",\"personally_identifiable\":1,\"value\":\"\",\"drawerDisabled\":\"\",\"field_label\":\"Tel\\u00e9fono\",\"field_key\":\"phone_1727582113066\",\"id\":145,\"beforeField\":\"\",\"afterField\":\"\",\"parentType\":\"textbox\",\"element_templates\":[\"tel\",\"textbox\",\"input\"],\"old_classname\":\"\",\"wrap_template\":\"wrap\"},{\"objectType\":\"Field\",\"objectDomain\":\"fields\",\"editActive\":false,\"order\":6,\"idAttribute\":\"id\",\"type\":\"submit\",\"label\":\"Inscribirse\",\"processing_label\":\"Procesando...\",\"container_class\":\"\",\"element_class\":\"\",\"key\":\"inscribirme_1727577856635\",\"field_label\":\"Inscribirse\",\"field_key\":\"inscribirme_1727577856635\",\"admin_label\":\"\",\"drawerDisabled\":\"\",\"manual_key\":1,\"id\":141,\"beforeField\":\"\",\"afterField\":\"\",\"value\":\"\",\"label_pos\":\"above\",\"parentType\":\"textbox\",\"element_templates\":[\"submit\",\"button\",\"input\"],\"old_classname\":\"\",\"wrap_template\":\"wrap-no-label\"}];nfForms.push(form);<\/script>\n                    <\/div>\n            \t\t\t\t<\/div>\n\t\t\t\t<\/div>\n\t\t\t\t<div class=\"elementor-element elementor-element-a3fe18f elementor-widget-divider--view-line elementor-widget elementor-widget-divider\" data-id=\"a3fe18f\" data-element_type=\"widget\" data-e-type=\"widget\" data-widget_type=\"divider.default\">\n\t\t\t\t<div class=\"elementor-widget-container\">\n\t\t\t\t\t\t\t<div class=\"elementor-divider\">\n\t\t\t<span class=\"elementor-divider-separator\">\n\t\t\t\t\t\t<\/span>\n\t\t<\/div>\n\t\t\t\t\t\t<\/div>\n\t\t\t\t<\/div>\n\t\t\t\t\t<\/div>\n\t\t<\/div>\n\t\t\t\t\t<\/div>\n\t\t<\/section>\n\t\t\t\t<\/div>\n\t\t","protected":false},"excerpt":{"rendered":"<p>Masterclass GRATUITA de Mediumnidad La mediumnidad no es un don reservado para unos pocos.Es una capacidad natural, humana y accesible\u2026 solo necesitamos comprenderla, entrenarla y perderle el miedo. En esta clase gratuita te acompa\u00f1o a descubrir la mediumnidad desde un enfoque seguro, amoroso y pr\u00e1ctico, donde aprender\u00e1s: \u2728 C\u00f3mo funciona realmente la mediumnidad\u2728 T\u00e9cnicas sencillas para empezar a percibir con claridad\u2728 C\u00f3mo diferenciar intuici\u00f3n, mente y conexi\u00f3n aut\u00e9ntica\u2728 Pr\u00e1cticas para elevar tu sensibilidad sin miedo\u2728 Qu\u00e9 NO es la mediumnidad y los mitos que la rodean\u2728 Ejercicios en vivo para sentir la energ\u00eda por ti mism@ Esta experiencia est\u00e1 dise\u00f1ada para que vivas, desde la pr\u00e1ctica, que la mediumnidad puede ser un camino de crecimiento, conexi\u00f3n y paz \u2014 no de temor ni confusi\u00f3n. Reg\u00edstrate y recibe el acceso antes que nadie! D\u00e9ja tu nombre y correo para enviarte: \ud83d\udce9 Recordatorios previos\ud83d\udce9 Materiales complementarios\ud83d\udce9 Invitaciones a futuras clases gratuitas\ud83d\udce9Novedades Aviso: Se requiere JavaScript para este contenido.<\/p>\n","protected":false},"author":1,"featured_media":10371,"parent":0,"menu_order":0,"comment_status":"closed","ping_status":"closed","template":"","meta":{"inspiro_hide_title":false,"footnotes":""},"class_list":["post-10349","page","type-page","status-publish","has-post-thumbnail","hentry"],"aioseo_notices":[],"featured_media_urls":{"thumbnail":["https:\/\/inesjusticia.com\/wp-content\/uploads\/2025\/11\/joradas-02-150x150.png",150,150,true],"medium":["https:\/\/inesjusticia.com\/wp-content\/uploads\/2025\/11\/joradas-02-169x300.png",169,300,true],"medium_large":["https:\/\/inesjusticia.com\/wp-content\/uploads\/2025\/11\/joradas-02.png",768,1365,false],"large":["https:\/\/inesjusticia.com\/wp-content\/uploads\/2025\/11\/joradas-02-576x1024.png",576,1024,true],"1536x1536":["https:\/\/inesjusticia.com\/wp-content\/uploads\/2025\/11\/joradas-02-864x1536.png",864,1536,true],"2048x2048":["https:\/\/inesjusticia.com\/wp-content\/uploads\/2025\/11\/joradas-02.png",1080,1920,false],"tp-image-grid":["https:\/\/inesjusticia.com\/wp-content\/uploads\/2025\/11\/joradas-02-700x700.png",700,700,true],"inspiro-featured-image":["https:\/\/inesjusticia.com\/wp-content\/uploads\/2025\/11\/joradas-02.png",1080,1920,false],"inspiro-loop":["https:\/\/inesjusticia.com\/wp-content\/uploads\/2025\/11\/joradas-02-950x320.png",950,320,true],"inspiro-loop@2x":["https:\/\/inesjusticia.com\/wp-content\/uploads\/2025\/11\/joradas-02-1080x640.png",1080,640,true],"mailpoet_newsletter_max":["https:\/\/inesjusticia.com\/wp-content\/uploads\/2025\/11\/joradas-02.png",1080,1920,false],"menu-24x24":["https:\/\/inesjusticia.com\/wp-content\/uploads\/2025\/11\/joradas-02-14x24.png",14,24,true],"menu-36x36":["https:\/\/inesjusticia.com\/wp-content\/uploads\/2025\/11\/joradas-02-20x36.png",20,36,true],"menu-48x48":["https:\/\/inesjusticia.com\/wp-content\/uploads\/2025\/11\/joradas-02-27x48.png",27,48,true],"portfolio_item-thumbnail":["https:\/\/inesjusticia.com\/wp-content\/uploads\/2025\/11\/joradas-02-600x400.png",600,400,true],"portfolio_item-thumbnail@2x":["https:\/\/inesjusticia.com\/wp-content\/uploads\/2025\/11\/joradas-02-1080x800.png",1080,800,true],"portfolio_item-masonry":["https:\/\/inesjusticia.com\/wp-content\/uploads\/2025\/11\/joradas-02-600x1067.png",600,1067,true],"portfolio_item-masonry@2x":["https:\/\/inesjusticia.com\/wp-content\/uploads\/2025\/11\/joradas-02.png",1080,1920,false],"portfolio_item-thumbnail_cinema":["https:\/\/inesjusticia.com\/wp-content\/uploads\/2025\/11\/joradas-02-800x335.png",800,335,true],"portfolio_item-thumbnail_portrait":["https:\/\/inesjusticia.com\/wp-content\/uploads\/2025\/11\/joradas-02-600x900.png",600,900,true],"portfolio_item-thumbnail_portrait@2x":["https:\/\/inesjusticia.com\/wp-content\/uploads\/2025\/11\/joradas-02-1080x1800.png",1080,1800,true],"portfolio_item-thumbnail_square":["https:\/\/inesjusticia.com\/wp-content\/uploads\/2025\/11\/joradas-02-800x800.png",800,800,true]},"_links":{"self":[{"href":"https:\/\/inesjusticia.com\/index.php\/wp-json\/wp\/v2\/pages\/10349","targetHints":{"allow":["GET"]}}],"collection":[{"href":"https:\/\/inesjusticia.com\/index.php\/wp-json\/wp\/v2\/pages"}],"about":[{"href":"https:\/\/inesjusticia.com\/index.php\/wp-json\/wp\/v2\/types\/page"}],"author":[{"embeddable":true,"href":"https:\/\/inesjusticia.com\/index.php\/wp-json\/wp\/v2\/users\/1"}],"replies":[{"embeddable":true,"href":"https:\/\/inesjusticia.com\/index.php\/wp-json\/wp\/v2\/comments?post=10349"}],"version-history":[{"count":50,"href":"https:\/\/inesjusticia.com\/index.php\/wp-json\/wp\/v2\/pages\/10349\/revisions"}],"predecessor-version":[{"id":11567,"href":"https:\/\/inesjusticia.com\/index.php\/wp-json\/wp\/v2\/pages\/10349\/revisions\/11567"}],"wp:featuredmedia":[{"embeddable":true,"href":"https:\/\/inesjusticia.com\/index.php\/wp-json\/wp\/v2\/media\/10371"}],"wp:attachment":[{"href":"https:\/\/inesjusticia.com\/index.php\/wp-json\/wp\/v2\/media?parent=10349"}],"curies":[{"name":"wp","href":"https:\/\/api.w.org\/{rel}","templated":true}]}}